{"id":212,"date":"2024-09-05T12:45:31","date_gmt":"2024-09-05T11:45:31","guid":{"rendered":"https:\/\/kemazii.wordpress.com\/?page_id=212"},"modified":"2024-09-11T01:41:36","modified_gmt":"2024-09-10T23:41:36","slug":"defile-sismo-1","status":"publish","type":"page","link":"https:\/\/formaftec.com\/phommason-da-silvaga\/?page_id=212","title":{"rendered":"D\u00c9FIL\u00c9 SISMO #1"},"content":{"rendered":"\n<div class=\"wp-block-group alignfull has-global-padding is-content-justification-center is-layout-constrained wp-container-core-group-is-layout-df757ecc wp-block-group-is-layout-constrained\" style=\"margin-top:0;margin-bottom:0;padding-top:calc( 0.5 * var(--wp--style--root--padding-right, var(--wp--custom--gap--horizontal)));padding-right:var(--wp--style--root--padding-right, var(--wp--custom--gap--horizontal));padding-bottom:calc( 0.5 * var(--wp--style--root--padding-right, var(--wp--custom--gap--horizontal)));padding-left:var(--wp--style--root--padding-left, var(--wp--custom--gap--horizontal))\">\n<div class=\"wp-block-columns alignwide is-layout-flex wp-container-core-columns-is-layout-28f84493 wp-block-columns-is-layout-flex\">\n<div class=\"wp-block-column is-layout-flow wp-container-core-column-is-layout-22223934 wp-block-column-is-layout-flow\" style=\"flex-basis:50%\">\n<h3 class=\"wp-block-heading has-medium-font-size\">A PROPOS<\/h3>\n\n\n\n<p>Le 24 juin 2023, j&rsquo;ai eu l&rsquo;opportunit\u00e9 de participer au D\u00c9FIL\u00c9 SISMO #1, le deuxi\u00e8me d\u00e9fil\u00e9 organis\u00e9 par le designer Sismo. Cet \u00e9v\u00e9nement marquait ma premi\u00e8re exp\u00e9rience au sein de l&rsquo;\u00e9quipe d&rsquo;organisation, et il s&rsquo;est d\u00e9roul\u00e9 dans l&rsquo;ambiance chic et moderne du RiverLanes d&rsquo;Orl\u00e9ans.<\/p>\n<\/div>\n\n\n\n<div class=\"wp-block-column is-layout-flow wp-block-column-is-layout-flow\" style=\"flex-basis:50%\">\n<ul class=\"wp-block-list\">\n<li><strong>DATE : 24 juin 2023<\/strong><\/li>\n\n\n\n<li><strong>PR\u00c9PARATION : 3 mois<\/strong><\/li>\n\n\n\n<li><strong>COLLABORATEURS : SISMO \/ LSVS EVENT<\/strong><\/li>\n\n\n\n<li><strong>LIEU : RIVERLANES, ORL\u00c9ANS<\/strong><\/li>\n\n\n\n<li><strong>FONCTION : PHOTOGRAPHE \/ VID\u00c9ASTE<\/strong><\/li>\n<\/ul>\n<\/div>\n<\/div>\n\n\n\n<div style=\"height:calc( 0.25 * var(--wp--style--root--padding-right, var(--wp--custom--gap--horizontal)))\" aria-hidden=\"true\" class=\"wp-block-spacer\"><\/div>\n<\/div>\n\n\n\n<div class=\"wp-block-group alignfull has-global-padding is-content-justification-center is-layout-constrained wp-container-core-group-is-layout-df757ecc wp-block-group-is-layout-constrained\" style=\"margin-top:0;margin-bottom:0;padding-top:calc( 0.5 * var(--wp--style--root--padding-right, var(--wp--custom--gap--horizontal)));padding-right:var(--wp--style--root--padding-right, var(--wp--custom--gap--horizontal));padding-bottom:calc( 0.5 * var(--wp--style--root--padding-right, var(--wp--custom--gap--horizontal)));padding-left:var(--wp--style--root--padding-left, var(--wp--custom--gap--horizontal))\">\n<div style=\"height:calc( 0.25 * var(--wp--style--root--padding-right, var(--wp--custom--gap--horizontal)))\" aria-hidden=\"true\" class=\"wp-block-spacer\"><\/div>\n\n\n\n<div class=\"wp-block-columns alignwide is-layout-flex wp-container-core-columns-is-layout-28f84493 wp-block-columns-is-layout-flex\">\n<div class=\"wp-block-column is-layout-flow wp-block-column-is-layout-flow\">\n<h3 class=\"wp-block-heading has-medium-font-size\">MA VISION<\/h3>\n\n\n\n<p>C&rsquo;\u00e9tait ma premi\u00e8re exp\u00e9rience en tant que photographe et vid\u00e9aste pour un d\u00e9fil\u00e9 de mode, et j&rsquo;ai eu l&rsquo;honneur de capturer la collection \u00ab\u00a0\u00c9motions\u00a0\u00bb du designer Sismo. Ce projet m&rsquo;a permis de plonger dans l&rsquo;univers du d\u00e9fil\u00e9, en saisissant \u00e0 travers mes images et vid\u00e9os la richesse et la profondeur des cr\u00e9ations pr\u00e9sent\u00e9es. Cette premi\u00e8re exp\u00e9rience dans un environnement aussi dynamique m&rsquo;a apport\u00e9 de nouvelles comp\u00e9tences et une meilleure compr\u00e9hension de l&rsquo;art de capturer la mode en mouvement.<\/p>\n\n\n\n<div style=\"height:calc( 0.25 * var(--wp--style--root--padding-right, var(--wp--custom--gap--horizontal)))\" aria-hidden=\"true\" class=\"wp-block-spacer\"><\/div>\n\n\n\n<figure class=\"wp-block-image size-full\"><img fetchpriority=\"high\" decoding=\"async\" width=\"1179\" height=\"1467\" src=\"https:\/\/formaftec.com\/phommason-da-silvaga\/wp-content\/uploads\/sites\/38\/2024\/09\/sismo14.jpg\" alt=\"\" class=\"wp-image-223\" style=\"aspect-ratio:3\/4;object-fit:cover\" srcset=\"https:\/\/formaftec.com\/phommason-da-silvaga\/wp-content\/uploads\/sites\/38\/2024\/09\/sismo14.jpg 1179w, https:\/\/formaftec.com\/phommason-da-silvaga\/wp-content\/uploads\/sites\/38\/2024\/09\/sismo14-241x300.jpg 241w, https:\/\/formaftec.com\/phommason-da-silvaga\/wp-content\/uploads\/sites\/38\/2024\/09\/sismo14-823x1024.jpg 823w, https:\/\/formaftec.com\/phommason-da-silvaga\/wp-content\/uploads\/sites\/38\/2024\/09\/sismo14-768x956.jpg 768w\" sizes=\"(max-width: 1179px) 100vw, 1179px\" \/><\/figure>\n\n\n\n<h3 class=\"wp-block-heading has-medium-font-size\">D\u00c9ROULEMENT<\/h3>\n\n\n\n<p>L&rsquo;\u00e9v\u00e9nement s&rsquo;est d\u00e9roul\u00e9 de 19h00 \u00e0 00h45.<br>Le d\u00e9fil\u00e9 s&rsquo;est fait en deux partie, deux groupes de 13 mannequins, entre les deux passages un show de danseurs pour animer la salle !<br>Apr\u00e8s les 26 mannequins pass\u00e9s, le d\u00e9fil\u00e9 s&rsquo;est conclu sur un showcase des artistes NJD &amp; LHIROYD.<\/p>\n<\/div>\n\n\n\n<div class=\"wp-block-column is-layout-flow wp-container-core-column-is-layout-5dafc681 wp-block-column-is-layout-flow\">\n<figure class=\"wp-block-image size-full\"><img decoding=\"async\" width=\"1066\" height=\"1600\" src=\"https:\/\/formaftec.com\/phommason-da-silvaga\/wp-content\/uploads\/sites\/38\/2024\/09\/sismo12.jpg\" alt=\"\" class=\"wp-image-222\" style=\"aspect-ratio:3\/4;object-fit:cover\" srcset=\"https:\/\/formaftec.com\/phommason-da-silvaga\/wp-content\/uploads\/sites\/38\/2024\/09\/sismo12.jpg 1066w, https:\/\/formaftec.com\/phommason-da-silvaga\/wp-content\/uploads\/sites\/38\/2024\/09\/sismo12-200x300.jpg 200w, https:\/\/formaftec.com\/phommason-da-silvaga\/wp-content\/uploads\/sites\/38\/2024\/09\/sismo12-682x1024.jpg 682w, https:\/\/formaftec.com\/phommason-da-silvaga\/wp-content\/uploads\/sites\/38\/2024\/09\/sismo12-768x1153.jpg 768w, https:\/\/formaftec.com\/phommason-da-silvaga\/wp-content\/uploads\/sites\/38\/2024\/09\/sismo12-1023x1536.jpg 1023w\" sizes=\"(max-width: 1066px) 100vw, 1066px\" \/><\/figure>\n\n\n\n<figure class=\"wp-block-image size-full is-resized\"><img decoding=\"async\" src=\"https:\/\/formaftec.com\/phommason-da-silvaga\/wp-content\/uploads\/sites\/38\/2024\/09\/sismo13.jpg\" alt=\"\" class=\"wp-image-224\" style=\"aspect-ratio:1.3333333333333333;object-fit:cover;width:640px;height:auto\" \/><\/figure>\n<\/div>\n<\/div>\n\n\n\n<div style=\"height:calc( 0.25 * var(--wp--style--root--padding-right, var(--wp--custom--gap--horizontal)))\" aria-hidden=\"true\" class=\"wp-block-spacer\"><\/div>\n<\/div>\n\n\n\n<div class=\"wp-block-group alignfull has-global-padding is-content-justification-center is-layout-constrained wp-container-core-group-is-layout-df757ecc wp-block-group-is-layout-constrained\" style=\"margin-top:0;margin-bottom:0;padding-top:calc( 0.5 * var(--wp--style--root--padding-right, var(--wp--custom--gap--horizontal)));padding-right:var(--wp--style--root--padding-right, var(--wp--custom--gap--horizontal));padding-bottom:calc( 0.5 * var(--wp--style--root--padding-right, var(--wp--custom--gap--horizontal)));padding-left:var(--wp--style--root--padding-left, var(--wp--custom--gap--horizontal))\">\n<div style=\"height:calc( 0.25 * var(--wp--style--root--padding-right, var(--wp--custom--gap--horizontal)))\" aria-hidden=\"true\" class=\"wp-block-spacer\"><\/div>\n\n\n\n<div class=\"wp-block-columns alignwide is-layout-flex wp-container-core-columns-is-layout-28f84493 wp-block-columns-is-layout-flex\">\n<div class=\"wp-block-column is-vertically-aligned-bottom is-layout-flow wp-block-column-is-layout-flow\">\n<figure class=\"wp-block-embed is-type-video is-provider-youtube wp-block-embed-youtube wp-embed-aspect-16-9 wp-has-aspect-ratio\"><div class=\"wp-block-embed__wrapper\">\n<iframe title=\"D\u00c9FIL\u00c9 SISMO #1\" width=\"950\" height=\"534\" src=\"https:\/\/www.youtube.com\/embed\/eXzdxvrIbZU?feature=oembed\" frameborder=\"0\" allow=\"accelerometer; autoplay; clipboard-write; encrypted-media; gyroscope; picture-in-picture; web-share\" referrerpolicy=\"strict-origin-when-cross-origin\" allowfullscreen><\/iframe>\n<\/div><\/figure>\n<\/div>\n\n\n\n<div class=\"wp-block-column is-vertically-aligned-center is-layout-flow wp-block-column-is-layout-flow\">\n<h2 class=\"wp-block-heading\">LA VID\u00c9O DE L&rsquo;\u00c9V\u00c9NEMENT<\/h2>\n\n\n\n<p>\u00c9v\u00e9nement film\u00e9 par Hadios &amp; moi m\u00eame.<br>Montage par Hadios.<\/p>\n\n\n\n<div class=\"wp-block-buttons is-layout-flex wp-block-buttons-is-layout-flex\">\n<div class=\"wp-block-button\"><a class=\"wp-block-button__link wp-element-button\">Commencer<\/a><\/div>\n<\/div>\n<\/div>\n<\/div>\n\n\n\n<div style=\"height:calc( 0.25 * var(--wp--style--root--padding-right, var(--wp--custom--gap--horizontal)))\" aria-hidden=\"true\" class=\"wp-block-spacer\"><\/div>\n<\/div>\n\n\n\n<p><\/p>\n","protected":false},"excerpt":{"rendered":"<p>A PROPOS Le 24 juin 2023, j&rsquo;ai eu l&rsquo;opportunit\u00e9 de participer au D\u00c9FIL\u00c9 SISMO #1, le deuxi\u00e8me d\u00e9fil\u00e9 organis\u00e9 par le designer Sismo. Cet \u00e9v\u00e9nement marquait ma premi\u00e8re exp\u00e9rience au sein de l&rsquo;\u00e9quipe d&rsquo;organisation, et il s&rsquo;est d\u00e9roul\u00e9 dans l&rsquo;ambiance chic et moderne du RiverLanes d&rsquo;Orl\u00e9ans. MA VISION C&rsquo;\u00e9tait ma premi\u00e8re exp\u00e9rience en tant que &hellip; <\/p>\n<p class=\"link-more\"><a href=\"https:\/\/formaftec.com\/phommason-da-silvaga\/?page_id=212\" class=\"more-link\">Lire la suite de<span class=\"screen-reader-text\">\u00ab\u00a0D\u00c9FIL\u00c9 SISMO #1\u00a0\u00bb<\/span><\/a><\/p>\n","protected":false},"author":39,"featured_media":0,"parent":0,"menu_order":0,"comment_status":"closed","ping_status":"closed","template":"","meta":{"_uag_custom_page_level_css":"","footnotes":""},"class_list":["post-212","page","type-page","status-publish","hentry"],"yoast_head":"<!-- This site is optimized with the Yoast SEO plugin v26.0 - https:\/\/yoast.com\/wordpress\/plugins\/seo\/ -->\n<title>D\u00c9FIL\u00c9 SISMO #1 -<\/title>\n<meta name=\"robots\" content=\"index, follow, max-snippet:-1, max-image-preview:large, max-video-preview:-1\" \/>\n<link rel=\"canonical\" href=\"https:\/\/formaftec.com\/phommason-da-silvaga\/?page_id=212\" \/>\n<meta property=\"og:locale\" content=\"fr_FR\" \/>\n<meta property=\"og:type\" content=\"article\" \/>\n<meta property=\"og:title\" content=\"D\u00c9FIL\u00c9 SISMO #1 -\" \/>\n<meta property=\"og:description\" content=\"A PROPOS Le 24 juin 2023, j&rsquo;ai eu l&rsquo;opportunit\u00e9 de participer au D\u00c9FIL\u00c9 SISMO #1, le deuxi\u00e8me d\u00e9fil\u00e9 organis\u00e9 par le designer Sismo. Cet \u00e9v\u00e9nement marquait ma premi\u00e8re exp\u00e9rience au sein de l&rsquo;\u00e9quipe d&rsquo;organisation, et il s&rsquo;est d\u00e9roul\u00e9 dans l&rsquo;ambiance chic et moderne du RiverLanes d&rsquo;Orl\u00e9ans. MA VISION C&rsquo;\u00e9tait ma premi\u00e8re exp\u00e9rience en tant que &hellip; Lire la suite de\u00ab\u00a0D\u00c9FIL\u00c9 SISMO #1\u00a0\u00bb\" \/>\n<meta property=\"og:url\" content=\"https:\/\/formaftec.com\/phommason-da-silvaga\/?page_id=212\" \/>\n<meta property=\"article:modified_time\" content=\"2024-09-10T23:41:36+00:00\" \/>\n<meta property=\"og:image\" content=\"https:\/\/formaftec.com\/phommason-da-silvaga\/wp-content\/uploads\/sites\/38\/2024\/09\/sismo14.jpg\" \/>\n<meta name=\"twitter:card\" content=\"summary_large_image\" \/>\n<meta name=\"twitter:label1\" content=\"Dur\u00e9e de lecture estim\u00e9e\" \/>\n\t<meta name=\"twitter:data1\" content=\"2 minutes\" \/>\n<script type=\"application\/ld+json\" class=\"yoast-schema-graph\">{\"@context\":\"https:\/\/schema.org\",\"@graph\":[{\"@type\":\"WebPage\",\"@id\":\"https:\/\/formaftec.com\/phommason-da-silvaga\/?page_id=212\",\"url\":\"https:\/\/formaftec.com\/phommason-da-silvaga\/?page_id=212\",\"name\":\"D\u00c9FIL\u00c9 SISMO #1 -\",\"isPartOf\":{\"@id\":\"https:\/\/formaftec.com\/phommason-da-silvaga\/#website\"},\"primaryImageOfPage\":{\"@id\":\"https:\/\/formaftec.com\/phommason-da-silvaga\/?page_id=212#primaryimage\"},\"image\":{\"@id\":\"https:\/\/formaftec.com\/phommason-da-silvaga\/?page_id=212#primaryimage\"},\"thumbnailUrl\":\"https:\/\/formaftec.com\/phommason-da-silvaga\/wp-content\/uploads\/sites\/38\/2024\/09\/sismo14.jpg\",\"datePublished\":\"2024-09-05T11:45:31+00:00\",\"dateModified\":\"2024-09-10T23:41:36+00:00\",\"breadcrumb\":{\"@id\":\"https:\/\/formaftec.com\/phommason-da-silvaga\/?page_id=212#breadcrumb\"},\"inLanguage\":\"fr-FR\",\"potentialAction\":[{\"@type\":\"ReadAction\",\"target\":[\"https:\/\/formaftec.com\/phommason-da-silvaga\/?page_id=212\"]}]},{\"@type\":\"ImageObject\",\"inLanguage\":\"fr-FR\",\"@id\":\"https:\/\/formaftec.com\/phommason-da-silvaga\/?page_id=212#primaryimage\",\"url\":\"https:\/\/formaftec.com\/phommason-da-silvaga\/wp-content\/uploads\/sites\/38\/2024\/09\/sismo14.jpg\",\"contentUrl\":\"https:\/\/formaftec.com\/phommason-da-silvaga\/wp-content\/uploads\/sites\/38\/2024\/09\/sismo14.jpg\",\"width\":1179,\"height\":1467},{\"@type\":\"BreadcrumbList\",\"@id\":\"https:\/\/formaftec.com\/phommason-da-silvaga\/?page_id=212#breadcrumb\",\"itemListElement\":[{\"@type\":\"ListItem\",\"position\":1,\"name\":\"Accueil\",\"item\":\"https:\/\/formaftec.com\/phommason-da-silvaga\/\"},{\"@type\":\"ListItem\",\"position\":2,\"name\":\"D\u00c9FIL\u00c9 SISMO #1\"}]},{\"@type\":\"WebSite\",\"@id\":\"https:\/\/formaftec.com\/phommason-da-silvaga\/#website\",\"url\":\"https:\/\/formaftec.com\/phommason-da-silvaga\/\",\"name\":\"\",\"description\":\"Rien d&#039;sp\u00e9cial\",\"potentialAction\":[{\"@type\":\"SearchAction\",\"target\":{\"@type\":\"EntryPoint\",\"urlTemplate\":\"https:\/\/formaftec.com\/phommason-da-silvaga\/?s={search_term_string}\"},\"query-input\":{\"@type\":\"PropertyValueSpecification\",\"valueRequired\":true,\"valueName\":\"search_term_string\"}}],\"inLanguage\":\"fr-FR\"}]}<\/script>\n<!-- \/ Yoast SEO plugin. -->","yoast_head_json":{"title":"D\u00c9FIL\u00c9 SISMO #1 -","robots":{"index":"index","follow":"follow","max-snippet":"max-snippet:-1","max-image-preview":"max-image-preview:large","max-video-preview":"max-video-preview:-1"},"canonical":"https:\/\/formaftec.com\/phommason-da-silvaga\/?page_id=212","og_locale":"fr_FR","og_type":"article","og_title":"D\u00c9FIL\u00c9 SISMO #1 -","og_description":"A PROPOS Le 24 juin 2023, j&rsquo;ai eu l&rsquo;opportunit\u00e9 de participer au D\u00c9FIL\u00c9 SISMO #1, le deuxi\u00e8me d\u00e9fil\u00e9 organis\u00e9 par le designer Sismo. Cet \u00e9v\u00e9nement marquait ma premi\u00e8re exp\u00e9rience au sein de l&rsquo;\u00e9quipe d&rsquo;organisation, et il s&rsquo;est d\u00e9roul\u00e9 dans l&rsquo;ambiance chic et moderne du RiverLanes d&rsquo;Orl\u00e9ans. MA VISION C&rsquo;\u00e9tait ma premi\u00e8re exp\u00e9rience en tant que &hellip; Lire la suite de\u00ab\u00a0D\u00c9FIL\u00c9 SISMO #1\u00a0\u00bb","og_url":"https:\/\/formaftec.com\/phommason-da-silvaga\/?page_id=212","article_modified_time":"2024-09-10T23:41:36+00:00","og_image":[{"url":"https:\/\/formaftec.com\/phommason-da-silvaga\/wp-content\/uploads\/sites\/38\/2024\/09\/sismo14.jpg","type":"","width":"","height":""}],"twitter_card":"summary_large_image","twitter_misc":{"Dur\u00e9e de lecture estim\u00e9e":"2 minutes"},"schema":{"@context":"https:\/\/schema.org","@graph":[{"@type":"WebPage","@id":"https:\/\/formaftec.com\/phommason-da-silvaga\/?page_id=212","url":"https:\/\/formaftec.com\/phommason-da-silvaga\/?page_id=212","name":"D\u00c9FIL\u00c9 SISMO #1 -","isPartOf":{"@id":"https:\/\/formaftec.com\/phommason-da-silvaga\/#website"},"primaryImageOfPage":{"@id":"https:\/\/formaftec.com\/phommason-da-silvaga\/?page_id=212#primaryimage"},"image":{"@id":"https:\/\/formaftec.com\/phommason-da-silvaga\/?page_id=212#primaryimage"},"thumbnailUrl":"https:\/\/formaftec.com\/phommason-da-silvaga\/wp-content\/uploads\/sites\/38\/2024\/09\/sismo14.jpg","datePublished":"2024-09-05T11:45:31+00:00","dateModified":"2024-09-10T23:41:36+00:00","breadcrumb":{"@id":"https:\/\/formaftec.com\/phommason-da-silvaga\/?page_id=212#breadcrumb"},"inLanguage":"fr-FR","potentialAction":[{"@type":"ReadAction","target":["https:\/\/formaftec.com\/phommason-da-silvaga\/?page_id=212"]}]},{"@type":"ImageObject","inLanguage":"fr-FR","@id":"https:\/\/formaftec.com\/phommason-da-silvaga\/?page_id=212#primaryimage","url":"https:\/\/formaftec.com\/phommason-da-silvaga\/wp-content\/uploads\/sites\/38\/2024\/09\/sismo14.jpg","contentUrl":"https:\/\/formaftec.com\/phommason-da-silvaga\/wp-content\/uploads\/sites\/38\/2024\/09\/sismo14.jpg","width":1179,"height":1467},{"@type":"BreadcrumbList","@id":"https:\/\/formaftec.com\/phommason-da-silvaga\/?page_id=212#breadcrumb","itemListElement":[{"@type":"ListItem","position":1,"name":"Accueil","item":"https:\/\/formaftec.com\/phommason-da-silvaga\/"},{"@type":"ListItem","position":2,"name":"D\u00c9FIL\u00c9 SISMO #1"}]},{"@type":"WebSite","@id":"https:\/\/formaftec.com\/phommason-da-silvaga\/#website","url":"https:\/\/formaftec.com\/phommason-da-silvaga\/","name":"","description":"Rien d&#039;sp\u00e9cial","potentialAction":[{"@type":"SearchAction","target":{"@type":"EntryPoint","urlTemplate":"https:\/\/formaftec.com\/phommason-da-silvaga\/?s={search_term_string}"},"query-input":{"@type":"PropertyValueSpecification","valueRequired":true,"valueName":"search_term_string"}}],"inLanguage":"fr-FR"}]}},"uagb_featured_image_src":{"full":false,"thumbnail":false,"medium":false,"medium_large":false,"large":false,"1536x1536":false,"2048x2048":false,"inspiro-featured-image":false,"inspiro-loop":false,"inspiro-loop@2x":false,"tlp-portfolio-thumb":false},"uagb_author_info":{"display_name":"phommason-da-silvaga","author_link":"https:\/\/formaftec.com\/phommason-da-silvaga\/?author=39"},"uagb_comment_info":0,"uagb_excerpt":"A PROPOS Le 24 juin 2023, j&rsquo;ai eu l&rsquo;opportunit\u00e9 de participer au D\u00c9FIL\u00c9 SISMO #1, le deuxi\u00e8me d\u00e9fil\u00e9 organis\u00e9 par le designer Sismo. Cet \u00e9v\u00e9nement marquait ma premi\u00e8re exp\u00e9rience au sein de l&rsquo;\u00e9quipe d&rsquo;organisation, et il s&rsquo;est d\u00e9roul\u00e9 dans l&rsquo;ambiance chic et moderne du RiverLanes d&rsquo;Orl\u00e9ans. MA VISION C&rsquo;\u00e9tait ma premi\u00e8re exp\u00e9rience en tant que\u2026","_links":{"self":[{"href":"https:\/\/formaftec.com\/phommason-da-silvaga\/index.php?rest_route=\/wp\/v2\/pages\/212","targetHints":{"allow":["GET"]}}],"collection":[{"href":"https:\/\/formaftec.com\/phommason-da-silvaga\/index.php?rest_route=\/wp\/v2\/pages"}],"about":[{"href":"https:\/\/formaftec.com\/phommason-da-silvaga\/index.php?rest_route=\/wp\/v2\/types\/page"}],"author":[{"embeddable":true,"href":"https:\/\/formaftec.com\/phommason-da-silvaga\/index.php?rest_route=\/wp\/v2\/users\/39"}],"replies":[{"embeddable":true,"href":"https:\/\/formaftec.com\/phommason-da-silvaga\/index.php?rest_route=%2Fwp%2Fv2%2Fcomments&post=212"}],"version-history":[{"count":2,"href":"https:\/\/formaftec.com\/phommason-da-silvaga\/index.php?rest_route=\/wp\/v2\/pages\/212\/revisions"}],"predecessor-version":[{"id":316,"href":"https:\/\/formaftec.com\/phommason-da-silvaga\/index.php?rest_route=\/wp\/v2\/pages\/212\/revisions\/316"}],"wp:attachment":[{"href":"https:\/\/formaftec.com\/phommason-da-silvaga\/index.php?rest_route=%2Fwp%2Fv2%2Fmedia&parent=212"}],"curies":[{"name":"wp","href":"https:\/\/api.w.org\/{rel}","templated":true}]}}