{"id":313,"date":"2024-09-11T11:13:39","date_gmt":"2024-09-11T09:13:39","guid":{"rendered":"https:\/\/formaftec.com\/phommason-da-silvaga\/?page_id=313"},"modified":"2024-09-11T13:59:55","modified_gmt":"2024-09-11T11:59:55","slug":"freres-chappe-c1","status":"publish","type":"page","link":"https:\/\/formaftec.com\/phommason-da-silvaga\/?page_id=313","title":{"rendered":"FR\u00c8RES CHAPPE &#8211; C1"},"content":{"rendered":"\n<div class=\"wp-block-group has-global-padding is-layout-constrained wp-block-group-is-layout-constrained\">\n<div class=\"wp-block-columns alignwide is-layout-flex wp-container-core-columns-is-layout-28f84493 wp-block-columns-is-layout-flex\">\n<div class=\"wp-block-column is-layout-flow wp-container-core-column-is-layout-22223934 wp-block-column-is-layout-flow\" style=\"flex-basis:50%\">\n<h3 class=\"wp-block-heading has-medium-font-size\">A PROPOS<\/h3>\n\n\n\n<p>Le 09 ao\u00fbt 2023, nous tournions le clip de la musique Chappelife #1 du groupe de Fr\u00e8res Chappe. Le premier clip d&rsquo;une s\u00e9rie de 4 freestyle intitul\u00e9 Chappelife, pour promouvoir le groupe avant la sortie d&rsquo;un projet aux dates d&rsquo;octobre 2024.<\/p>\n<\/div>\n\n\n\n<div class=\"wp-block-column is-layout-flow wp-block-column-is-layout-flow\" style=\"flex-basis:50%\">\n<ul class=\"wp-block-list\">\n<li><strong>DATE : 09 ao\u00fbt 2023<\/strong><\/li>\n\n\n\n<li><strong>PR\u00c9PARATION : 1 mois<\/strong><\/li>\n\n\n\n<li><strong>COLLABORATEURS : <a href=\"https:\/\/formaftec.com\/phommason-da-silvaga\/?page_id=292\">NOLA MUSIC<\/a> \/ MONEY MACHINE RECORDS<\/strong><\/li>\n\n\n\n<li><strong>LIEU : VILLA D&rsquo;EDEN, ST-DENIS-EN-VAL<\/strong><\/li>\n\n\n\n<li><strong>FONCTION : ORGANISATION \/ DIRECTION ARTISTIQUE<\/strong><\/li>\n<\/ul>\n<\/div>\n<\/div>\n\n\n\n<div style=\"height:0px\" aria-hidden=\"true\" class=\"wp-block-spacer\"><\/div>\n<\/div>\n\n\n\n<div class=\"wp-block-group has-global-padding is-layout-constrained wp-block-group-is-layout-constrained\">\n<div class=\"wp-block-columns alignwide is-layout-flex wp-container-core-columns-is-layout-28f84493 wp-block-columns-is-layout-flex\">\n<div class=\"wp-block-column is-layout-flow wp-block-column-is-layout-flow\">\n<h3 class=\"wp-block-heading has-medium-font-size\">MA VISION<\/h3>\n\n\n\n<p>Ce n&rsquo;est pas la premi\u00e8re fois que je travaille avec ce groupe et tout ce qui l&rsquo;entoure (label, managers, etc&#8230;), j&rsquo;ai eu l&rsquo;habitude de travailler avec eux depuis 2021 plusieurs fois. Je suis heureux de d\u00e9buter ce nouveau projet avec ces personnes avec qui un lien s&rsquo;est cr\u00e9er au fur et \u00e0 mesures des ann\u00e9es, encore plus quand ils viennent dans ma ville.<\/p>\n\n\n\n<div style=\"height:calc( 0.25 * var(--wp--style--root--padding-right, var(--wp--custom--gap--horizontal)))\" aria-hidden=\"true\" class=\"wp-block-spacer\"><\/div>\n\n\n\n<figure class=\"wp-block-image size-full\"><img fetchpriority=\"high\" decoding=\"async\" width=\"900\" height=\"1600\" src=\"https:\/\/formaftec.com\/phommason-da-silvaga\/wp-content\/uploads\/sites\/38\/2024\/09\/c13.jpg\" alt=\"\" class=\"wp-image-328\" style=\"aspect-ratio:3\/4;object-fit:cover\" srcset=\"https:\/\/formaftec.com\/phommason-da-silvaga\/wp-content\/uploads\/sites\/38\/2024\/09\/c13.jpg 900w, https:\/\/formaftec.com\/phommason-da-silvaga\/wp-content\/uploads\/sites\/38\/2024\/09\/c13-169x300.jpg 169w, https:\/\/formaftec.com\/phommason-da-silvaga\/wp-content\/uploads\/sites\/38\/2024\/09\/c13-576x1024.jpg 576w\" sizes=\"(max-width: 900px) 100vw, 900px\" \/><\/figure>\n\n\n\n<h3 class=\"wp-block-heading has-medium-font-size\">D\u00c9ROULEMENT<\/h3>\n\n\n\n<p>Le tournage s&rsquo;est d\u00e9roul\u00e9 de 13h00 \u00e0 19h30.<br>Nous avons exploit\u00e9 tous les points de vu int\u00e9ressant \u00e0 la cam\u00e9ra pour avoir les meilleurs plans.<br>La r\u00e9alisation a \u00e9t\u00e9 faite par Chris Newton, avec la supervision pour la direction artistique de Dosseh et moi-m\u00eame.<\/p>\n<\/div>\n\n\n\n<div class=\"wp-block-column is-layout-flow wp-container-core-column-is-layout-5dafc681 wp-block-column-is-layout-flow\">\n<figure class=\"wp-block-image size-full\"><img decoding=\"async\" width=\"1920\" height=\"2560\" src=\"https:\/\/formaftec.com\/phommason-da-silvaga\/wp-content\/uploads\/sites\/38\/2024\/09\/c11-scaled.jpg\" alt=\"\" class=\"wp-image-327\" style=\"aspect-ratio:3\/4;object-fit:cover\" srcset=\"https:\/\/formaftec.com\/phommason-da-silvaga\/wp-content\/uploads\/sites\/38\/2024\/09\/c11-scaled.jpg 1920w, https:\/\/formaftec.com\/phommason-da-silvaga\/wp-content\/uploads\/sites\/38\/2024\/09\/c11-225x300.jpg 225w, https:\/\/formaftec.com\/phommason-da-silvaga\/wp-content\/uploads\/sites\/38\/2024\/09\/c11-768x1024.jpg 768w, https:\/\/formaftec.com\/phommason-da-silvaga\/wp-content\/uploads\/sites\/38\/2024\/09\/c11-2000x2667.jpg 2000w\" sizes=\"(max-width: 1920px) 100vw, 1920px\" \/><\/figure>\n\n\n\n<figure class=\"wp-block-image size-full is-resized\"><img decoding=\"async\" width=\"1920\" height=\"2560\" src=\"https:\/\/formaftec.com\/phommason-da-silvaga\/wp-content\/uploads\/sites\/38\/2024\/09\/c12-scaled.jpg\" alt=\"\" class=\"wp-image-329\" style=\"aspect-ratio:1.3333333333333333;object-fit:cover;width:640px;height:auto\" srcset=\"https:\/\/formaftec.com\/phommason-da-silvaga\/wp-content\/uploads\/sites\/38\/2024\/09\/c12-scaled.jpg 1920w, https:\/\/formaftec.com\/phommason-da-silvaga\/wp-content\/uploads\/sites\/38\/2024\/09\/c12-225x300.jpg 225w, https:\/\/formaftec.com\/phommason-da-silvaga\/wp-content\/uploads\/sites\/38\/2024\/09\/c12-768x1024.jpg 768w, https:\/\/formaftec.com\/phommason-da-silvaga\/wp-content\/uploads\/sites\/38\/2024\/09\/c12-2000x2667.jpg 2000w\" sizes=\"(max-width: 1920px) 100vw, 1920px\" \/><\/figure>\n<\/div>\n<\/div>\n<\/div>\n\n\n\n<div class=\"wp-block-group has-global-padding is-layout-constrained wp-block-group-is-layout-constrained\">\n<div style=\"height:0px\" aria-hidden=\"true\" class=\"wp-block-spacer\"><\/div>\n\n\n\n<div class=\"wp-block-columns alignwide is-layout-flex wp-container-core-columns-is-layout-28f84493 wp-block-columns-is-layout-flex\">\n<div class=\"wp-block-column is-vertically-aligned-bottom is-layout-flow wp-block-column-is-layout-flow\">\n<figure class=\"wp-block-video\"><video controls src=\"https:\/\/formaftec.com\/phommason-da-silvaga\/wp-content\/uploads\/sites\/38\/2024\/09\/SaveClip.App_80408508CC3AA930E531FF413F2F6F9C_video_dashinit.mp4\"><\/video><\/figure>\n<\/div>\n\n\n\n<div class=\"wp-block-column is-vertically-aligned-center is-layout-flow wp-block-column-is-layout-flow\">\n<h2 class=\"wp-block-heading\">LA VID\u00c9O DE L&rsquo;\u00c9V\u00c9NEMENT<\/h2>\n\n\n\n<p>Clip r\u00e9alis\u00e9 par Chris Newton + insert par moi-m\u00eame.<br>Montage par Chris Newton.<\/p>\n<\/div>\n<\/div>\n\n\n\n<div style=\"height:100px\" aria-hidden=\"true\" class=\"wp-block-spacer\"><\/div>\n<\/div>\n\n\n\n<p><\/p>\n","protected":false},"excerpt":{"rendered":"<p>A PROPOS Le 09 ao\u00fbt 2023, nous tournions le clip de la musique Chappelife #1 du groupe de Fr\u00e8res Chappe. Le premier clip d&rsquo;une s\u00e9rie de 4 freestyle intitul\u00e9 Chappelife, pour promouvoir le groupe avant la sortie d&rsquo;un projet aux dates d&rsquo;octobre 2024. MA VISION Ce n&rsquo;est pas la premi\u00e8re fois que je travaille avec &hellip; <\/p>\n<p class=\"link-more\"><a href=\"https:\/\/formaftec.com\/phommason-da-silvaga\/?page_id=313\" class=\"more-link\">Lire la suite de<span class=\"screen-reader-text\">\u00ab\u00a0FR\u00c8RES CHAPPE &#8211; C1\u00a0\u00bb<\/span><\/a><\/p>\n","protected":false},"author":39,"featured_media":0,"parent":0,"menu_order":0,"comment_status":"closed","ping_status":"closed","template":"","meta":{"_uag_custom_page_level_css":"","footnotes":""},"class_list":["post-313","page","type-page","status-publish","hentry"],"yoast_head":"<!-- This site is optimized with the Yoast SEO plugin v26.0 - https:\/\/yoast.com\/wordpress\/plugins\/seo\/ -->\n<title>FR\u00c8RES CHAPPE - C1 -<\/title>\n<meta name=\"robots\" content=\"index, follow, max-snippet:-1, max-image-preview:large, max-video-preview:-1\" \/>\n<link rel=\"canonical\" href=\"https:\/\/formaftec.com\/phommason-da-silvaga\/?page_id=313\" \/>\n<meta property=\"og:locale\" content=\"fr_FR\" \/>\n<meta property=\"og:type\" content=\"article\" \/>\n<meta property=\"og:title\" content=\"FR\u00c8RES CHAPPE - C1 -\" \/>\n<meta property=\"og:description\" content=\"A PROPOS Le 09 ao\u00fbt 2023, nous tournions le clip de la musique Chappelife #1 du groupe de Fr\u00e8res Chappe. Le premier clip d&rsquo;une s\u00e9rie de 4 freestyle intitul\u00e9 Chappelife, pour promouvoir le groupe avant la sortie d&rsquo;un projet aux dates d&rsquo;octobre 2024. MA VISION Ce n&rsquo;est pas la premi\u00e8re fois que je travaille avec &hellip; Lire la suite de\u00ab\u00a0FR\u00c8RES CHAPPE &#8211; C1\u00a0\u00bb\" \/>\n<meta property=\"og:url\" content=\"https:\/\/formaftec.com\/phommason-da-silvaga\/?page_id=313\" \/>\n<meta property=\"article:modified_time\" content=\"2024-09-11T11:59:55+00:00\" \/>\n<meta property=\"og:image\" content=\"https:\/\/formaftec.com\/phommason-da-silvaga\/wp-content\/uploads\/sites\/38\/2024\/09\/c13.jpg\" \/>\n<meta name=\"twitter:card\" content=\"summary_large_image\" \/>\n<meta name=\"twitter:label1\" content=\"Dur\u00e9e de lecture estim\u00e9e\" \/>\n\t<meta name=\"twitter:data1\" content=\"2 minutes\" \/>\n<script type=\"application\/ld+json\" class=\"yoast-schema-graph\">{\"@context\":\"https:\/\/schema.org\",\"@graph\":[{\"@type\":\"WebPage\",\"@id\":\"https:\/\/formaftec.com\/phommason-da-silvaga\/?page_id=313\",\"url\":\"https:\/\/formaftec.com\/phommason-da-silvaga\/?page_id=313\",\"name\":\"FR\u00c8RES CHAPPE - C1 -\",\"isPartOf\":{\"@id\":\"https:\/\/formaftec.com\/phommason-da-silvaga\/#website\"},\"primaryImageOfPage\":{\"@id\":\"https:\/\/formaftec.com\/phommason-da-silvaga\/?page_id=313#primaryimage\"},\"image\":{\"@id\":\"https:\/\/formaftec.com\/phommason-da-silvaga\/?page_id=313#primaryimage\"},\"thumbnailUrl\":\"https:\/\/formaftec.com\/phommason-da-silvaga\/wp-content\/uploads\/sites\/38\/2024\/09\/c13.jpg\",\"datePublished\":\"2024-09-11T09:13:39+00:00\",\"dateModified\":\"2024-09-11T11:59:55+00:00\",\"breadcrumb\":{\"@id\":\"https:\/\/formaftec.com\/phommason-da-silvaga\/?page_id=313#breadcrumb\"},\"inLanguage\":\"fr-FR\",\"potentialAction\":[{\"@type\":\"ReadAction\",\"target\":[\"https:\/\/formaftec.com\/phommason-da-silvaga\/?page_id=313\"]}]},{\"@type\":\"ImageObject\",\"inLanguage\":\"fr-FR\",\"@id\":\"https:\/\/formaftec.com\/phommason-da-silvaga\/?page_id=313#primaryimage\",\"url\":\"https:\/\/formaftec.com\/phommason-da-silvaga\/wp-content\/uploads\/sites\/38\/2024\/09\/c13.jpg\",\"contentUrl\":\"https:\/\/formaftec.com\/phommason-da-silvaga\/wp-content\/uploads\/sites\/38\/2024\/09\/c13.jpg\",\"width\":900,\"height\":1600},{\"@type\":\"BreadcrumbList\",\"@id\":\"https:\/\/formaftec.com\/phommason-da-silvaga\/?page_id=313#breadcrumb\",\"itemListElement\":[{\"@type\":\"ListItem\",\"position\":1,\"name\":\"Accueil\",\"item\":\"https:\/\/formaftec.com\/phommason-da-silvaga\/\"},{\"@type\":\"ListItem\",\"position\":2,\"name\":\"FR\u00c8RES CHAPPE &#8211; C1\"}]},{\"@type\":\"WebSite\",\"@id\":\"https:\/\/formaftec.com\/phommason-da-silvaga\/#website\",\"url\":\"https:\/\/formaftec.com\/phommason-da-silvaga\/\",\"name\":\"\",\"description\":\"Rien d&#039;sp\u00e9cial\",\"potentialAction\":[{\"@type\":\"SearchAction\",\"target\":{\"@type\":\"EntryPoint\",\"urlTemplate\":\"https:\/\/formaftec.com\/phommason-da-silvaga\/?s={search_term_string}\"},\"query-input\":{\"@type\":\"PropertyValueSpecification\",\"valueRequired\":true,\"valueName\":\"search_term_string\"}}],\"inLanguage\":\"fr-FR\"}]}<\/script>\n<!-- \/ Yoast SEO plugin. -->","yoast_head_json":{"title":"FR\u00c8RES CHAPPE - C1 -","robots":{"index":"index","follow":"follow","max-snippet":"max-snippet:-1","max-image-preview":"max-image-preview:large","max-video-preview":"max-video-preview:-1"},"canonical":"https:\/\/formaftec.com\/phommason-da-silvaga\/?page_id=313","og_locale":"fr_FR","og_type":"article","og_title":"FR\u00c8RES CHAPPE - C1 -","og_description":"A PROPOS Le 09 ao\u00fbt 2023, nous tournions le clip de la musique Chappelife #1 du groupe de Fr\u00e8res Chappe. Le premier clip d&rsquo;une s\u00e9rie de 4 freestyle intitul\u00e9 Chappelife, pour promouvoir le groupe avant la sortie d&rsquo;un projet aux dates d&rsquo;octobre 2024. MA VISION Ce n&rsquo;est pas la premi\u00e8re fois que je travaille avec &hellip; Lire la suite de\u00ab\u00a0FR\u00c8RES CHAPPE &#8211; C1\u00a0\u00bb","og_url":"https:\/\/formaftec.com\/phommason-da-silvaga\/?page_id=313","article_modified_time":"2024-09-11T11:59:55+00:00","og_image":[{"url":"https:\/\/formaftec.com\/phommason-da-silvaga\/wp-content\/uploads\/sites\/38\/2024\/09\/c13.jpg","type":"","width":"","height":""}],"twitter_card":"summary_large_image","twitter_misc":{"Dur\u00e9e de lecture estim\u00e9e":"2 minutes"},"schema":{"@context":"https:\/\/schema.org","@graph":[{"@type":"WebPage","@id":"https:\/\/formaftec.com\/phommason-da-silvaga\/?page_id=313","url":"https:\/\/formaftec.com\/phommason-da-silvaga\/?page_id=313","name":"FR\u00c8RES CHAPPE - C1 -","isPartOf":{"@id":"https:\/\/formaftec.com\/phommason-da-silvaga\/#website"},"primaryImageOfPage":{"@id":"https:\/\/formaftec.com\/phommason-da-silvaga\/?page_id=313#primaryimage"},"image":{"@id":"https:\/\/formaftec.com\/phommason-da-silvaga\/?page_id=313#primaryimage"},"thumbnailUrl":"https:\/\/formaftec.com\/phommason-da-silvaga\/wp-content\/uploads\/sites\/38\/2024\/09\/c13.jpg","datePublished":"2024-09-11T09:13:39+00:00","dateModified":"2024-09-11T11:59:55+00:00","breadcrumb":{"@id":"https:\/\/formaftec.com\/phommason-da-silvaga\/?page_id=313#breadcrumb"},"inLanguage":"fr-FR","potentialAction":[{"@type":"ReadAction","target":["https:\/\/formaftec.com\/phommason-da-silvaga\/?page_id=313"]}]},{"@type":"ImageObject","inLanguage":"fr-FR","@id":"https:\/\/formaftec.com\/phommason-da-silvaga\/?page_id=313#primaryimage","url":"https:\/\/formaftec.com\/phommason-da-silvaga\/wp-content\/uploads\/sites\/38\/2024\/09\/c13.jpg","contentUrl":"https:\/\/formaftec.com\/phommason-da-silvaga\/wp-content\/uploads\/sites\/38\/2024\/09\/c13.jpg","width":900,"height":1600},{"@type":"BreadcrumbList","@id":"https:\/\/formaftec.com\/phommason-da-silvaga\/?page_id=313#breadcrumb","itemListElement":[{"@type":"ListItem","position":1,"name":"Accueil","item":"https:\/\/formaftec.com\/phommason-da-silvaga\/"},{"@type":"ListItem","position":2,"name":"FR\u00c8RES CHAPPE &#8211; C1"}]},{"@type":"WebSite","@id":"https:\/\/formaftec.com\/phommason-da-silvaga\/#website","url":"https:\/\/formaftec.com\/phommason-da-silvaga\/","name":"","description":"Rien d&#039;sp\u00e9cial","potentialAction":[{"@type":"SearchAction","target":{"@type":"EntryPoint","urlTemplate":"https:\/\/formaftec.com\/phommason-da-silvaga\/?s={search_term_string}"},"query-input":{"@type":"PropertyValueSpecification","valueRequired":true,"valueName":"search_term_string"}}],"inLanguage":"fr-FR"}]}},"uagb_featured_image_src":{"full":false,"thumbnail":false,"medium":false,"medium_large":false,"large":false,"1536x1536":false,"2048x2048":false,"inspiro-featured-image":false,"inspiro-loop":false,"inspiro-loop@2x":false,"tlp-portfolio-thumb":false},"uagb_author_info":{"display_name":"phommason-da-silvaga","author_link":"https:\/\/formaftec.com\/phommason-da-silvaga\/?author=39"},"uagb_comment_info":0,"uagb_excerpt":"A PROPOS Le 09 ao\u00fbt 2023, nous tournions le clip de la musique Chappelife #1 du groupe de Fr\u00e8res Chappe. Le premier clip d&rsquo;une s\u00e9rie de 4 freestyle intitul\u00e9 Chappelife, pour promouvoir le groupe avant la sortie d&rsquo;un projet aux dates d&rsquo;octobre 2024. MA VISION Ce n&rsquo;est pas la premi\u00e8re fois que je travaille avec\u2026","_links":{"self":[{"href":"https:\/\/formaftec.com\/phommason-da-silvaga\/index.php?rest_route=\/wp\/v2\/pages\/313","targetHints":{"allow":["GET"]}}],"collection":[{"href":"https:\/\/formaftec.com\/phommason-da-silvaga\/index.php?rest_route=\/wp\/v2\/pages"}],"about":[{"href":"https:\/\/formaftec.com\/phommason-da-silvaga\/index.php?rest_route=\/wp\/v2\/types\/page"}],"author":[{"embeddable":true,"href":"https:\/\/formaftec.com\/phommason-da-silvaga\/index.php?rest_route=\/wp\/v2\/users\/39"}],"replies":[{"embeddable":true,"href":"https:\/\/formaftec.com\/phommason-da-silvaga\/index.php?rest_route=%2Fwp%2Fv2%2Fcomments&post=313"}],"version-history":[{"count":7,"href":"https:\/\/formaftec.com\/phommason-da-silvaga\/index.php?rest_route=\/wp\/v2\/pages\/313\/revisions"}],"predecessor-version":[{"id":335,"href":"https:\/\/formaftec.com\/phommason-da-silvaga\/index.php?rest_route=\/wp\/v2\/pages\/313\/revisions\/335"}],"wp:attachment":[{"href":"https:\/\/formaftec.com\/phommason-da-silvaga\/index.php?rest_route=%2Fwp%2Fv2%2Fmedia&parent=313"}],"curies":[{"name":"wp","href":"https:\/\/api.w.org\/{rel}","templated":true}]}}