{"id":336,"date":"2024-09-11T13:57:00","date_gmt":"2024-09-11T11:57:00","guid":{"rendered":"https:\/\/formaftec.com\/phommason-da-silvaga\/?page_id=336"},"modified":"2024-09-11T14:24:33","modified_gmt":"2024-09-11T12:24:33","slug":"freres-chappe-c2","status":"publish","type":"page","link":"https:\/\/formaftec.com\/phommason-da-silvaga\/?page_id=336","title":{"rendered":"FR\u00c8RES CHAPPE &#8211; C2"},"content":{"rendered":"\n<div class=\"wp-block-group has-global-padding is-layout-constrained wp-block-group-is-layout-constrained\">\n<div class=\"wp-block-columns alignwide is-layout-flex wp-container-core-columns-is-layout-28f84493 wp-block-columns-is-layout-flex\">\n<div class=\"wp-block-column is-layout-flow wp-container-core-column-is-layout-22223934 wp-block-column-is-layout-flow\" style=\"flex-basis:50%\">\n<h3 class=\"wp-block-heading has-medium-font-size\">A PROPOS<\/h3>\n\n\n\n<p>Le 25 novembre 2023, nous tournions le clip de la musique Chappelife #2 du groupe de Fr\u00e8res Chappe. La suite logique et donc second clip de cette s\u00e9rie de freestyle intitul\u00e9 Chappelife.<\/p>\n<\/div>\n\n\n\n<div class=\"wp-block-column is-layout-flow wp-block-column-is-layout-flow\" style=\"flex-basis:50%\">\n<ul class=\"wp-block-list\">\n<li><strong>DATE : 25 novembre 2023<\/strong><\/li>\n\n\n\n<li><strong>PR\u00c9PARATION : 2 mois<\/strong><\/li>\n\n\n\n<li><strong>COLLABORATEURS : <a href=\"https:\/\/formaftec.com\/phommason-da-silvaga\/?page_id=292\">NOLA MUSIC<\/a> \/ MONEY MACHINE RECORDS \/ <a href=\"https:\/\/formaftec.com\/phommason-da-silvaga\/?page_id=286\">ED BNKS<\/a><\/strong><\/li>\n\n\n\n<li><strong>LIEU : TRESOR LE BARBIER, ORL\u00c9ANS \/ BUY TO ROCK, ORL\u00c9ANS \/ RIVERLANES, ORL\u00c9ANS<\/strong><\/li>\n\n\n\n<li><strong>FONCTION : DIRECTION ARTISTIQUE<\/strong> \/ <strong>ASSISTANT R\u00c9AL.<\/strong><\/li>\n<\/ul>\n<\/div>\n<\/div>\n\n\n\n<div style=\"height:0px\" aria-hidden=\"true\" class=\"wp-block-spacer\"><\/div>\n<\/div>\n\n\n\n<div class=\"wp-block-group has-global-padding is-layout-constrained wp-block-group-is-layout-constrained\">\n<div class=\"wp-block-columns alignwide is-layout-flex wp-container-core-columns-is-layout-28f84493 wp-block-columns-is-layout-flex\">\n<div class=\"wp-block-column is-layout-flow wp-block-column-is-layout-flow\">\n<h3 class=\"wp-block-heading has-medium-font-size\">MA VISION<\/h3>\n\n\n\n<p>Toujours les m\u00eames ambitions que sur le premier \u00e9pisode de cette s\u00e9rie <a href=\"https:\/\/formaftec.com\/phommason-da-silvaga\/?page_id=313\">Chappitre 1<\/a>, avec un ami de longue date qui nous rejoint dans l&rsquo;aventure, le grand r\u00e9alisateur <a href=\"https:\/\/formaftec.com\/phommason-da-silvaga\/?page_id=286\">ED BNKS<\/a>, l&rsquo;ambiance amicale et professionnelle est au rendez-vous, c&rsquo;est plus simple et plus efficace de travailler avec des gens que l&rsquo;on conna\u00eet d\u00e9j\u00e0 et avec qui des automatismes sont pr\u00e9sents.<\/p>\n\n\n\n<div style=\"height:calc( 0.25 * var(--wp--style--root--padding-right, var(--wp--custom--gap--horizontal)))\" aria-hidden=\"true\" class=\"wp-block-spacer\"><\/div>\n\n\n\n<figure class=\"wp-block-image size-full\"><img fetchpriority=\"high\" decoding=\"async\" width=\"1920\" height=\"2560\" src=\"https:\/\/formaftec.com\/phommason-da-silvaga\/wp-content\/uploads\/sites\/38\/2024\/09\/c21-scaled.jpg\" alt=\"\" class=\"wp-image-350\" style=\"aspect-ratio:3\/4;object-fit:cover\" srcset=\"https:\/\/formaftec.com\/phommason-da-silvaga\/wp-content\/uploads\/sites\/38\/2024\/09\/c21-scaled.jpg 1920w, https:\/\/formaftec.com\/phommason-da-silvaga\/wp-content\/uploads\/sites\/38\/2024\/09\/c21-225x300.jpg 225w, https:\/\/formaftec.com\/phommason-da-silvaga\/wp-content\/uploads\/sites\/38\/2024\/09\/c21-768x1024.jpg 768w, https:\/\/formaftec.com\/phommason-da-silvaga\/wp-content\/uploads\/sites\/38\/2024\/09\/c21-2000x2667.jpg 2000w\" sizes=\"(max-width: 1920px) 100vw, 1920px\" \/><\/figure>\n\n\n\n<h3 class=\"wp-block-heading has-medium-font-size\">D\u00c9ROULEMENT<\/h3>\n\n\n\n<p>Le tournage s&rsquo;est d\u00e9roul\u00e9 de 11h00 \u00e0 19h30.<br>Avec plus de 3 lieux diff\u00e9rents, les impr\u00e9vus, la journ\u00e9e \u00e9tait plus longue que pr\u00e9vue mais le r\u00e9sultat est l\u00e0 !<br>La r\u00e9alisation a \u00e9t\u00e9 faite par ED&rsquo;BNKS, que j&rsquo;ai aid\u00e9 pour certains plans et \u00e9clairage (que beaucoup n\u00e9gligent alors que l&rsquo;\u00e9clairage pour un tr\u00e8s bon rendu est primordial) <\/p>\n<\/div>\n\n\n\n<div class=\"wp-block-column is-layout-flow wp-container-core-column-is-layout-5dafc681 wp-block-column-is-layout-flow\">\n<figure class=\"wp-block-image size-full\"><img decoding=\"async\" width=\"910\" height=\"1600\" src=\"https:\/\/formaftec.com\/phommason-da-silvaga\/wp-content\/uploads\/sites\/38\/2024\/09\/c22.jpg\" alt=\"\" class=\"wp-image-352\" style=\"aspect-ratio:3\/4;object-fit:cover\" srcset=\"https:\/\/formaftec.com\/phommason-da-silvaga\/wp-content\/uploads\/sites\/38\/2024\/09\/c22.jpg 910w, https:\/\/formaftec.com\/phommason-da-silvaga\/wp-content\/uploads\/sites\/38\/2024\/09\/c22-171x300.jpg 171w, https:\/\/formaftec.com\/phommason-da-silvaga\/wp-content\/uploads\/sites\/38\/2024\/09\/c22-582x1024.jpg 582w\" sizes=\"(max-width: 910px) 100vw, 910px\" \/><\/figure>\n\n\n\n<figure class=\"wp-block-image size-full is-resized\"><img decoding=\"async\" width=\"1272\" height=\"572\" src=\"https:\/\/formaftec.com\/phommason-da-silvaga\/wp-content\/uploads\/sites\/38\/2024\/09\/Capture-decran-2024-09-11-141716.png\" alt=\"\" class=\"wp-image-348\" style=\"aspect-ratio:1.3333333333333333;object-fit:cover;width:640px;height:auto\" srcset=\"https:\/\/formaftec.com\/phommason-da-silvaga\/wp-content\/uploads\/sites\/38\/2024\/09\/Capture-decran-2024-09-11-141716.png 1272w, https:\/\/formaftec.com\/phommason-da-silvaga\/wp-content\/uploads\/sites\/38\/2024\/09\/Capture-decran-2024-09-11-141716-300x135.png 300w, https:\/\/formaftec.com\/phommason-da-silvaga\/wp-content\/uploads\/sites\/38\/2024\/09\/Capture-decran-2024-09-11-141716-1024x460.png 1024w\" sizes=\"(max-width: 1272px) 100vw, 1272px\" \/><\/figure>\n<\/div>\n<\/div>\n<\/div>\n\n\n\n<div class=\"wp-block-group has-global-padding is-layout-constrained wp-block-group-is-layout-constrained\">\n<div style=\"height:0px\" aria-hidden=\"true\" class=\"wp-block-spacer\"><\/div>\n\n\n\n<div class=\"wp-block-columns alignwide is-layout-flex wp-container-core-columns-is-layout-28f84493 wp-block-columns-is-layout-flex\">\n<div class=\"wp-block-column is-vertically-aligned-bottom is-layout-flow wp-block-column-is-layout-flow\">\n<figure class=\"wp-block-video\"><video autoplay controls src=\"https:\/\/formaftec.com\/phommason-da-silvaga\/wp-content\/uploads\/sites\/38\/2024\/09\/SaveClip.App_An-D-JbtVuokq-CgbcRVv3JH4xBcOU3NZvrVSqc1InITCwel9V-WkE2a7b12tjbxE8Krz2mXNRiZxrFCAyFVi3k.mp4\"><\/video><\/figure>\n<\/div>\n\n\n\n<div class=\"wp-block-column is-vertically-aligned-center is-layout-flow wp-block-column-is-layout-flow\">\n<h2 class=\"wp-block-heading\">LA VID\u00c9O DE L&rsquo;\u00c9V\u00c9NEMENT<\/h2>\n\n\n\n<p>Clip r\u00e9alis\u00e9 par ED BNKS.<br>Montage par ED BNKS.<\/p>\n<\/div>\n<\/div>\n\n\n\n<div style=\"height:100px\" aria-hidden=\"true\" class=\"wp-block-spacer\"><\/div>\n<\/div>\n","protected":false},"excerpt":{"rendered":"<p>A PROPOS Le 25 novembre 2023, nous tournions le clip de la musique Chappelife #2 du groupe de Fr\u00e8res Chappe. La suite logique et donc second clip de cette s\u00e9rie de freestyle intitul\u00e9 Chappelife. MA VISION Toujours les m\u00eames ambitions que sur le premier \u00e9pisode de cette s\u00e9rie Chappitre 1, avec un ami de longue &hellip; <\/p>\n<p class=\"link-more\"><a href=\"https:\/\/formaftec.com\/phommason-da-silvaga\/?page_id=336\" class=\"more-link\">Lire la suite de<span class=\"screen-reader-text\">\u00ab\u00a0FR\u00c8RES CHAPPE &#8211; C2\u00a0\u00bb<\/span><\/a><\/p>\n","protected":false},"author":39,"featured_media":0,"parent":0,"menu_order":0,"comment_status":"closed","ping_status":"closed","template":"","meta":{"_uag_custom_page_level_css":"","footnotes":""},"class_list":["post-336","page","type-page","status-publish","hentry"],"yoast_head":"<!-- This site is optimized with the Yoast SEO plugin v26.0 - https:\/\/yoast.com\/wordpress\/plugins\/seo\/ -->\n<title>FR\u00c8RES CHAPPE - C2 -<\/title>\n<meta name=\"robots\" content=\"index, follow, max-snippet:-1, max-image-preview:large, max-video-preview:-1\" \/>\n<link rel=\"canonical\" href=\"https:\/\/formaftec.com\/phommason-da-silvaga\/?page_id=336\" \/>\n<meta property=\"og:locale\" content=\"fr_FR\" \/>\n<meta property=\"og:type\" content=\"article\" \/>\n<meta property=\"og:title\" content=\"FR\u00c8RES CHAPPE - C2 -\" \/>\n<meta property=\"og:description\" content=\"A PROPOS Le 25 novembre 2023, nous tournions le clip de la musique Chappelife #2 du groupe de Fr\u00e8res Chappe. La suite logique et donc second clip de cette s\u00e9rie de freestyle intitul\u00e9 Chappelife. MA VISION Toujours les m\u00eames ambitions que sur le premier \u00e9pisode de cette s\u00e9rie Chappitre 1, avec un ami de longue &hellip; Lire la suite de\u00ab\u00a0FR\u00c8RES CHAPPE &#8211; C2\u00a0\u00bb\" \/>\n<meta property=\"og:url\" content=\"https:\/\/formaftec.com\/phommason-da-silvaga\/?page_id=336\" \/>\n<meta property=\"article:modified_time\" content=\"2024-09-11T12:24:33+00:00\" \/>\n<meta property=\"og:image\" content=\"https:\/\/formaftec.com\/phommason-da-silvaga\/wp-content\/uploads\/sites\/38\/2024\/09\/c21-scaled.jpg\" \/>\n<meta name=\"twitter:card\" content=\"summary_large_image\" \/>\n<meta name=\"twitter:label1\" content=\"Dur\u00e9e de lecture estim\u00e9e\" \/>\n\t<meta name=\"twitter:data1\" content=\"2 minutes\" \/>\n<script type=\"application\/ld+json\" class=\"yoast-schema-graph\">{\"@context\":\"https:\/\/schema.org\",\"@graph\":[{\"@type\":\"WebPage\",\"@id\":\"https:\/\/formaftec.com\/phommason-da-silvaga\/?page_id=336\",\"url\":\"https:\/\/formaftec.com\/phommason-da-silvaga\/?page_id=336\",\"name\":\"FR\u00c8RES CHAPPE - C2 -\",\"isPartOf\":{\"@id\":\"https:\/\/formaftec.com\/phommason-da-silvaga\/#website\"},\"primaryImageOfPage\":{\"@id\":\"https:\/\/formaftec.com\/phommason-da-silvaga\/?page_id=336#primaryimage\"},\"image\":{\"@id\":\"https:\/\/formaftec.com\/phommason-da-silvaga\/?page_id=336#primaryimage\"},\"thumbnailUrl\":\"https:\/\/formaftec.com\/phommason-da-silvaga\/wp-content\/uploads\/sites\/38\/2024\/09\/c21-scaled.jpg\",\"datePublished\":\"2024-09-11T11:57:00+00:00\",\"dateModified\":\"2024-09-11T12:24:33+00:00\",\"breadcrumb\":{\"@id\":\"https:\/\/formaftec.com\/phommason-da-silvaga\/?page_id=336#breadcrumb\"},\"inLanguage\":\"fr-FR\",\"potentialAction\":[{\"@type\":\"ReadAction\",\"target\":[\"https:\/\/formaftec.com\/phommason-da-silvaga\/?page_id=336\"]}]},{\"@type\":\"ImageObject\",\"inLanguage\":\"fr-FR\",\"@id\":\"https:\/\/formaftec.com\/phommason-da-silvaga\/?page_id=336#primaryimage\",\"url\":\"https:\/\/formaftec.com\/phommason-da-silvaga\/wp-content\/uploads\/sites\/38\/2024\/09\/c21-scaled.jpg\",\"contentUrl\":\"https:\/\/formaftec.com\/phommason-da-silvaga\/wp-content\/uploads\/sites\/38\/2024\/09\/c21-scaled.jpg\",\"width\":1920,\"height\":2560},{\"@type\":\"BreadcrumbList\",\"@id\":\"https:\/\/formaftec.com\/phommason-da-silvaga\/?page_id=336#breadcrumb\",\"itemListElement\":[{\"@type\":\"ListItem\",\"position\":1,\"name\":\"Accueil\",\"item\":\"https:\/\/formaftec.com\/phommason-da-silvaga\/\"},{\"@type\":\"ListItem\",\"position\":2,\"name\":\"FR\u00c8RES CHAPPE &#8211; C2\"}]},{\"@type\":\"WebSite\",\"@id\":\"https:\/\/formaftec.com\/phommason-da-silvaga\/#website\",\"url\":\"https:\/\/formaftec.com\/phommason-da-silvaga\/\",\"name\":\"\",\"description\":\"Rien d&#039;sp\u00e9cial\",\"potentialAction\":[{\"@type\":\"SearchAction\",\"target\":{\"@type\":\"EntryPoint\",\"urlTemplate\":\"https:\/\/formaftec.com\/phommason-da-silvaga\/?s={search_term_string}\"},\"query-input\":{\"@type\":\"PropertyValueSpecification\",\"valueRequired\":true,\"valueName\":\"search_term_string\"}}],\"inLanguage\":\"fr-FR\"}]}<\/script>\n<!-- \/ Yoast SEO plugin. -->","yoast_head_json":{"title":"FR\u00c8RES CHAPPE - C2 -","robots":{"index":"index","follow":"follow","max-snippet":"max-snippet:-1","max-image-preview":"max-image-preview:large","max-video-preview":"max-video-preview:-1"},"canonical":"https:\/\/formaftec.com\/phommason-da-silvaga\/?page_id=336","og_locale":"fr_FR","og_type":"article","og_title":"FR\u00c8RES CHAPPE - C2 -","og_description":"A PROPOS Le 25 novembre 2023, nous tournions le clip de la musique Chappelife #2 du groupe de Fr\u00e8res Chappe. La suite logique et donc second clip de cette s\u00e9rie de freestyle intitul\u00e9 Chappelife. MA VISION Toujours les m\u00eames ambitions que sur le premier \u00e9pisode de cette s\u00e9rie Chappitre 1, avec un ami de longue &hellip; Lire la suite de\u00ab\u00a0FR\u00c8RES CHAPPE &#8211; C2\u00a0\u00bb","og_url":"https:\/\/formaftec.com\/phommason-da-silvaga\/?page_id=336","article_modified_time":"2024-09-11T12:24:33+00:00","og_image":[{"url":"https:\/\/formaftec.com\/phommason-da-silvaga\/wp-content\/uploads\/sites\/38\/2024\/09\/c21-scaled.jpg","type":"","width":"","height":""}],"twitter_card":"summary_large_image","twitter_misc":{"Dur\u00e9e de lecture estim\u00e9e":"2 minutes"},"schema":{"@context":"https:\/\/schema.org","@graph":[{"@type":"WebPage","@id":"https:\/\/formaftec.com\/phommason-da-silvaga\/?page_id=336","url":"https:\/\/formaftec.com\/phommason-da-silvaga\/?page_id=336","name":"FR\u00c8RES CHAPPE - C2 -","isPartOf":{"@id":"https:\/\/formaftec.com\/phommason-da-silvaga\/#website"},"primaryImageOfPage":{"@id":"https:\/\/formaftec.com\/phommason-da-silvaga\/?page_id=336#primaryimage"},"image":{"@id":"https:\/\/formaftec.com\/phommason-da-silvaga\/?page_id=336#primaryimage"},"thumbnailUrl":"https:\/\/formaftec.com\/phommason-da-silvaga\/wp-content\/uploads\/sites\/38\/2024\/09\/c21-scaled.jpg","datePublished":"2024-09-11T11:57:00+00:00","dateModified":"2024-09-11T12:24:33+00:00","breadcrumb":{"@id":"https:\/\/formaftec.com\/phommason-da-silvaga\/?page_id=336#breadcrumb"},"inLanguage":"fr-FR","potentialAction":[{"@type":"ReadAction","target":["https:\/\/formaftec.com\/phommason-da-silvaga\/?page_id=336"]}]},{"@type":"ImageObject","inLanguage":"fr-FR","@id":"https:\/\/formaftec.com\/phommason-da-silvaga\/?page_id=336#primaryimage","url":"https:\/\/formaftec.com\/phommason-da-silvaga\/wp-content\/uploads\/sites\/38\/2024\/09\/c21-scaled.jpg","contentUrl":"https:\/\/formaftec.com\/phommason-da-silvaga\/wp-content\/uploads\/sites\/38\/2024\/09\/c21-scaled.jpg","width":1920,"height":2560},{"@type":"BreadcrumbList","@id":"https:\/\/formaftec.com\/phommason-da-silvaga\/?page_id=336#breadcrumb","itemListElement":[{"@type":"ListItem","position":1,"name":"Accueil","item":"https:\/\/formaftec.com\/phommason-da-silvaga\/"},{"@type":"ListItem","position":2,"name":"FR\u00c8RES CHAPPE &#8211; C2"}]},{"@type":"WebSite","@id":"https:\/\/formaftec.com\/phommason-da-silvaga\/#website","url":"https:\/\/formaftec.com\/phommason-da-silvaga\/","name":"","description":"Rien d&#039;sp\u00e9cial","potentialAction":[{"@type":"SearchAction","target":{"@type":"EntryPoint","urlTemplate":"https:\/\/formaftec.com\/phommason-da-silvaga\/?s={search_term_string}"},"query-input":{"@type":"PropertyValueSpecification","valueRequired":true,"valueName":"search_term_string"}}],"inLanguage":"fr-FR"}]}},"uagb_featured_image_src":{"full":false,"thumbnail":false,"medium":false,"medium_large":false,"large":false,"1536x1536":false,"2048x2048":false,"inspiro-featured-image":false,"inspiro-loop":false,"inspiro-loop@2x":false,"tlp-portfolio-thumb":false},"uagb_author_info":{"display_name":"phommason-da-silvaga","author_link":"https:\/\/formaftec.com\/phommason-da-silvaga\/?author=39"},"uagb_comment_info":0,"uagb_excerpt":"A PROPOS Le 25 novembre 2023, nous tournions le clip de la musique Chappelife #2 du groupe de Fr\u00e8res Chappe. La suite logique et donc second clip de cette s\u00e9rie de freestyle intitul\u00e9 Chappelife. MA VISION Toujours les m\u00eames ambitions que sur le premier \u00e9pisode de cette s\u00e9rie Chappitre 1, avec un ami de longue\u2026","_links":{"self":[{"href":"https:\/\/formaftec.com\/phommason-da-silvaga\/index.php?rest_route=\/wp\/v2\/pages\/336","targetHints":{"allow":["GET"]}}],"collection":[{"href":"https:\/\/formaftec.com\/phommason-da-silvaga\/index.php?rest_route=\/wp\/v2\/pages"}],"about":[{"href":"https:\/\/formaftec.com\/phommason-da-silvaga\/index.php?rest_route=\/wp\/v2\/types\/page"}],"author":[{"embeddable":true,"href":"https:\/\/formaftec.com\/phommason-da-silvaga\/index.php?rest_route=\/wp\/v2\/users\/39"}],"replies":[{"embeddable":true,"href":"https:\/\/formaftec.com\/phommason-da-silvaga\/index.php?rest_route=%2Fwp%2Fv2%2Fcomments&post=336"}],"version-history":[{"count":5,"href":"https:\/\/formaftec.com\/phommason-da-silvaga\/index.php?rest_route=\/wp\/v2\/pages\/336\/revisions"}],"predecessor-version":[{"id":353,"href":"https:\/\/formaftec.com\/phommason-da-silvaga\/index.php?rest_route=\/wp\/v2\/pages\/336\/revisions\/353"}],"wp:attachment":[{"href":"https:\/\/formaftec.com\/phommason-da-silvaga\/index.php?rest_route=%2Fwp%2Fv2%2Fmedia&parent=336"}],"curies":[{"name":"wp","href":"https:\/\/api.w.org\/{rel}","templated":true}]}}