{"id":354,"date":"2024-09-13T13:50:05","date_gmt":"2024-09-13T11:50:05","guid":{"rendered":"https:\/\/formaftec.com\/phommason-da-silvaga\/?page_id=354"},"modified":"2024-09-13T14:09:45","modified_gmt":"2024-09-13T12:09:45","slug":"showcase-kima","status":"publish","type":"page","link":"https:\/\/formaftec.com\/phommason-da-silvaga\/?page_id=354","title":{"rendered":"SHOWCASE KIMA"},"content":{"rendered":"\n<div class=\"wp-block-group has-global-padding is-layout-constrained wp-block-group-is-layout-constrained\">\n<div class=\"wp-block-columns alignwide is-layout-flex wp-container-core-columns-is-layout-28f84493 wp-block-columns-is-layout-flex\">\n<div class=\"wp-block-column is-layout-flow wp-container-core-column-is-layout-22223934 wp-block-column-is-layout-flow\" style=\"flex-basis:50%\">\n<h3 class=\"wp-block-heading has-medium-font-size\">A PROPOS<\/h3>\n\n\n\n<p>Le 26 novembre 2023, nous organisions la venue de l&rsquo;artiste Kima, pour un showcase lors d&rsquo;une soir\u00e9e qui se d\u00e9roulait \u00e0 Saran.<\/p>\n<\/div>\n\n\n\n<div class=\"wp-block-column is-layout-flow wp-block-column-is-layout-flow\" style=\"flex-basis:50%\">\n<ul class=\"wp-block-list\">\n<li><strong>DATE : 26 novembre 2023<\/strong><\/li>\n\n\n\n<li><strong>PR\u00c9PARATION : 2 mois<\/strong><\/li>\n\n\n\n<li><strong>COLLABORATEURS : LSVS EVENT<\/strong><\/li>\n\n\n\n<li><strong>LIEU : OR\u00c9E DE LA FOR\u00caT, SARAN<\/strong><\/li>\n\n\n\n<li><strong>FONCTION : ORGANISATION<\/strong><\/li>\n<\/ul>\n<\/div>\n<\/div>\n\n\n\n<div style=\"height:0px\" aria-hidden=\"true\" class=\"wp-block-spacer\"><\/div>\n<\/div>\n\n\n\n<div class=\"wp-block-group has-global-padding is-layout-constrained wp-block-group-is-layout-constrained\">\n<div class=\"wp-block-columns alignwide is-layout-flex wp-container-core-columns-is-layout-28f84493 wp-block-columns-is-layout-flex\">\n<div class=\"wp-block-column is-layout-flow wp-block-column-is-layout-flow\">\n<h3 class=\"wp-block-heading has-medium-font-size\">MA VISION<\/h3>\n\n\n\n<p>Un plaisir de collaborer encore et encore avec LSVS EVENT, des amis de longue date, en plus de cela avec un artiste que j&rsquo;\u00e9coute depuis assez longtemps et qui depuis peu est propuls\u00e9 au devant de la sc\u00e8ne musical par sa bonne musique et son mentor Kalash.<br>Un de mes premiers showcase organis\u00e9 et je sens que c&rsquo;est ce qui me plait beaucoup, l&rsquo;\u00e9v\u00e8nementiel musicale !<\/p>\n\n\n\n<div style=\"height:calc( 0.25 * var(--wp--style--root--padding-right, var(--wp--custom--gap--horizontal)))\" aria-hidden=\"true\" class=\"wp-block-spacer\"><\/div>\n\n\n\n<figure class=\"wp-block-video\"><video autoplay controls src=\"https:\/\/formaftec.com\/phommason-da-silvaga\/wp-content\/uploads\/sites\/38\/2024\/09\/KIMA.mov\"><\/video><\/figure>\n\n\n\n<h3 class=\"wp-block-heading has-medium-font-size\">D\u00c9ROULEMENT<\/h3>\n\n\n\n<p><\/p>\n<\/div>\n\n\n\n<div class=\"wp-block-column is-layout-flow wp-container-core-column-is-layout-5dafc681 wp-block-column-is-layout-flow\">\n<figure class=\"wp-block-image size-full\"><img fetchpriority=\"high\" decoding=\"async\" width=\"1179\" height=\"1049\" src=\"https:\/\/formaftec.com\/phommason-da-silvaga\/wp-content\/uploads\/sites\/38\/2024\/09\/KIMA2.jpg\" alt=\"\" class=\"wp-image-361\" style=\"aspect-ratio:3\/4;object-fit:cover\" srcset=\"https:\/\/formaftec.com\/phommason-da-silvaga\/wp-content\/uploads\/sites\/38\/2024\/09\/KIMA2.jpg 1179w, https:\/\/formaftec.com\/phommason-da-silvaga\/wp-content\/uploads\/sites\/38\/2024\/09\/KIMA2-300x267.jpg 300w, https:\/\/formaftec.com\/phommason-da-silvaga\/wp-content\/uploads\/sites\/38\/2024\/09\/KIMA2-1024x911.jpg 1024w\" sizes=\"(max-width: 1179px) 100vw, 1179px\" \/><\/figure>\n\n\n\n<figure class=\"wp-block-image size-full is-resized\"><img decoding=\"async\" width=\"1179\" height=\"1460\" src=\"https:\/\/formaftec.com\/phommason-da-silvaga\/wp-content\/uploads\/sites\/38\/2024\/09\/KIMA3.jpg\" alt=\"\" class=\"wp-image-364\" style=\"aspect-ratio:1.3333333333333333;object-fit:cover;width:640px;height:auto\" srcset=\"https:\/\/formaftec.com\/phommason-da-silvaga\/wp-content\/uploads\/sites\/38\/2024\/09\/KIMA3.jpg 1179w, https:\/\/formaftec.com\/phommason-da-silvaga\/wp-content\/uploads\/sites\/38\/2024\/09\/KIMA3-242x300.jpg 242w, https:\/\/formaftec.com\/phommason-da-silvaga\/wp-content\/uploads\/sites\/38\/2024\/09\/KIMA3-827x1024.jpg 827w\" sizes=\"(max-width: 1179px) 100vw, 1179px\" \/><\/figure>\n<\/div>\n<\/div>\n<\/div>\n\n\n\n<div class=\"wp-block-group has-global-padding is-layout-constrained wp-block-group-is-layout-constrained\">\n<div style=\"height:0px\" aria-hidden=\"true\" class=\"wp-block-spacer\"><\/div>\n\n\n\n<div class=\"wp-block-columns alignwide is-layout-flex wp-container-core-columns-is-layout-28f84493 wp-block-columns-is-layout-flex\">\n<div class=\"wp-block-column is-vertically-aligned-bottom is-layout-flow wp-block-column-is-layout-flow\"><\/div>\n\n\n\n<div class=\"wp-block-column is-vertically-aligned-center is-layout-flow wp-block-column-is-layout-flow\">\n<h2 class=\"wp-block-heading\"><\/h2>\n<\/div>\n<\/div>\n\n\n\n<div style=\"height:100px\" aria-hidden=\"true\" class=\"wp-block-spacer\"><\/div>\n<\/div>\n","protected":false},"excerpt":{"rendered":"<p>A PROPOS Le 26 novembre 2023, nous organisions la venue de l&rsquo;artiste Kima, pour un showcase lors d&rsquo;une soir\u00e9e qui se d\u00e9roulait \u00e0 Saran. MA VISION Un plaisir de collaborer encore et encore avec LSVS EVENT, des amis de longue date, en plus de cela avec un artiste que j&rsquo;\u00e9coute depuis assez longtemps et qui &hellip; <\/p>\n<p class=\"link-more\"><a href=\"https:\/\/formaftec.com\/phommason-da-silvaga\/?page_id=354\" class=\"more-link\">Lire la suite de<span class=\"screen-reader-text\">\u00ab\u00a0SHOWCASE KIMA\u00a0\u00bb<\/span><\/a><\/p>\n","protected":false},"author":39,"featured_media":0,"parent":0,"menu_order":0,"comment_status":"closed","ping_status":"closed","template":"","meta":{"_uag_custom_page_level_css":"","footnotes":""},"class_list":["post-354","page","type-page","status-publish","hentry"],"yoast_head":"<!-- This site is optimized with the Yoast SEO plugin v26.0 - https:\/\/yoast.com\/wordpress\/plugins\/seo\/ -->\n<title>SHOWCASE KIMA -<\/title>\n<meta name=\"robots\" content=\"index, follow, max-snippet:-1, max-image-preview:large, max-video-preview:-1\" \/>\n<link rel=\"canonical\" href=\"https:\/\/formaftec.com\/phommason-da-silvaga\/?page_id=354\" \/>\n<meta property=\"og:locale\" content=\"fr_FR\" \/>\n<meta property=\"og:type\" content=\"article\" \/>\n<meta property=\"og:title\" content=\"SHOWCASE KIMA -\" \/>\n<meta property=\"og:description\" content=\"A PROPOS Le 26 novembre 2023, nous organisions la venue de l&rsquo;artiste Kima, pour un showcase lors d&rsquo;une soir\u00e9e qui se d\u00e9roulait \u00e0 Saran. MA VISION Un plaisir de collaborer encore et encore avec LSVS EVENT, des amis de longue date, en plus de cela avec un artiste que j&rsquo;\u00e9coute depuis assez longtemps et qui &hellip; Lire la suite de\u00ab\u00a0SHOWCASE KIMA\u00a0\u00bb\" \/>\n<meta property=\"og:url\" content=\"https:\/\/formaftec.com\/phommason-da-silvaga\/?page_id=354\" \/>\n<meta property=\"article:modified_time\" content=\"2024-09-13T12:09:45+00:00\" \/>\n<meta property=\"og:image\" content=\"https:\/\/formaftec.com\/phommason-da-silvaga\/wp-content\/uploads\/sites\/38\/2024\/09\/KIMA2.jpg\" \/>\n<meta name=\"twitter:card\" content=\"summary_large_image\" \/>\n<meta name=\"twitter:label1\" content=\"Dur\u00e9e de lecture estim\u00e9e\" \/>\n\t<meta name=\"twitter:data1\" content=\"1 minute\" \/>\n<script type=\"application\/ld+json\" class=\"yoast-schema-graph\">{\"@context\":\"https:\/\/schema.org\",\"@graph\":[{\"@type\":\"WebPage\",\"@id\":\"https:\/\/formaftec.com\/phommason-da-silvaga\/?page_id=354\",\"url\":\"https:\/\/formaftec.com\/phommason-da-silvaga\/?page_id=354\",\"name\":\"SHOWCASE KIMA -\",\"isPartOf\":{\"@id\":\"https:\/\/formaftec.com\/phommason-da-silvaga\/#website\"},\"primaryImageOfPage\":{\"@id\":\"https:\/\/formaftec.com\/phommason-da-silvaga\/?page_id=354#primaryimage\"},\"image\":{\"@id\":\"https:\/\/formaftec.com\/phommason-da-silvaga\/?page_id=354#primaryimage\"},\"thumbnailUrl\":\"https:\/\/formaftec.com\/phommason-da-silvaga\/wp-content\/uploads\/sites\/38\/2024\/09\/KIMA2.jpg\",\"datePublished\":\"2024-09-13T11:50:05+00:00\",\"dateModified\":\"2024-09-13T12:09:45+00:00\",\"breadcrumb\":{\"@id\":\"https:\/\/formaftec.com\/phommason-da-silvaga\/?page_id=354#breadcrumb\"},\"inLanguage\":\"fr-FR\",\"potentialAction\":[{\"@type\":\"ReadAction\",\"target\":[\"https:\/\/formaftec.com\/phommason-da-silvaga\/?page_id=354\"]}]},{\"@type\":\"ImageObject\",\"inLanguage\":\"fr-FR\",\"@id\":\"https:\/\/formaftec.com\/phommason-da-silvaga\/?page_id=354#primaryimage\",\"url\":\"https:\/\/formaftec.com\/phommason-da-silvaga\/wp-content\/uploads\/sites\/38\/2024\/09\/KIMA2.jpg\",\"contentUrl\":\"https:\/\/formaftec.com\/phommason-da-silvaga\/wp-content\/uploads\/sites\/38\/2024\/09\/KIMA2.jpg\",\"width\":1179,\"height\":1049},{\"@type\":\"BreadcrumbList\",\"@id\":\"https:\/\/formaftec.com\/phommason-da-silvaga\/?page_id=354#breadcrumb\",\"itemListElement\":[{\"@type\":\"ListItem\",\"position\":1,\"name\":\"Accueil\",\"item\":\"https:\/\/formaftec.com\/phommason-da-silvaga\/\"},{\"@type\":\"ListItem\",\"position\":2,\"name\":\"SHOWCASE KIMA\"}]},{\"@type\":\"WebSite\",\"@id\":\"https:\/\/formaftec.com\/phommason-da-silvaga\/#website\",\"url\":\"https:\/\/formaftec.com\/phommason-da-silvaga\/\",\"name\":\"\",\"description\":\"Rien d&#039;sp\u00e9cial\",\"potentialAction\":[{\"@type\":\"SearchAction\",\"target\":{\"@type\":\"EntryPoint\",\"urlTemplate\":\"https:\/\/formaftec.com\/phommason-da-silvaga\/?s={search_term_string}\"},\"query-input\":{\"@type\":\"PropertyValueSpecification\",\"valueRequired\":true,\"valueName\":\"search_term_string\"}}],\"inLanguage\":\"fr-FR\"}]}<\/script>\n<!-- \/ Yoast SEO plugin. -->","yoast_head_json":{"title":"SHOWCASE KIMA -","robots":{"index":"index","follow":"follow","max-snippet":"max-snippet:-1","max-image-preview":"max-image-preview:large","max-video-preview":"max-video-preview:-1"},"canonical":"https:\/\/formaftec.com\/phommason-da-silvaga\/?page_id=354","og_locale":"fr_FR","og_type":"article","og_title":"SHOWCASE KIMA -","og_description":"A PROPOS Le 26 novembre 2023, nous organisions la venue de l&rsquo;artiste Kima, pour un showcase lors d&rsquo;une soir\u00e9e qui se d\u00e9roulait \u00e0 Saran. MA VISION Un plaisir de collaborer encore et encore avec LSVS EVENT, des amis de longue date, en plus de cela avec un artiste que j&rsquo;\u00e9coute depuis assez longtemps et qui &hellip; Lire la suite de\u00ab\u00a0SHOWCASE KIMA\u00a0\u00bb","og_url":"https:\/\/formaftec.com\/phommason-da-silvaga\/?page_id=354","article_modified_time":"2024-09-13T12:09:45+00:00","og_image":[{"url":"https:\/\/formaftec.com\/phommason-da-silvaga\/wp-content\/uploads\/sites\/38\/2024\/09\/KIMA2.jpg","type":"","width":"","height":""}],"twitter_card":"summary_large_image","twitter_misc":{"Dur\u00e9e de lecture estim\u00e9e":"1 minute"},"schema":{"@context":"https:\/\/schema.org","@graph":[{"@type":"WebPage","@id":"https:\/\/formaftec.com\/phommason-da-silvaga\/?page_id=354","url":"https:\/\/formaftec.com\/phommason-da-silvaga\/?page_id=354","name":"SHOWCASE KIMA -","isPartOf":{"@id":"https:\/\/formaftec.com\/phommason-da-silvaga\/#website"},"primaryImageOfPage":{"@id":"https:\/\/formaftec.com\/phommason-da-silvaga\/?page_id=354#primaryimage"},"image":{"@id":"https:\/\/formaftec.com\/phommason-da-silvaga\/?page_id=354#primaryimage"},"thumbnailUrl":"https:\/\/formaftec.com\/phommason-da-silvaga\/wp-content\/uploads\/sites\/38\/2024\/09\/KIMA2.jpg","datePublished":"2024-09-13T11:50:05+00:00","dateModified":"2024-09-13T12:09:45+00:00","breadcrumb":{"@id":"https:\/\/formaftec.com\/phommason-da-silvaga\/?page_id=354#breadcrumb"},"inLanguage":"fr-FR","potentialAction":[{"@type":"ReadAction","target":["https:\/\/formaftec.com\/phommason-da-silvaga\/?page_id=354"]}]},{"@type":"ImageObject","inLanguage":"fr-FR","@id":"https:\/\/formaftec.com\/phommason-da-silvaga\/?page_id=354#primaryimage","url":"https:\/\/formaftec.com\/phommason-da-silvaga\/wp-content\/uploads\/sites\/38\/2024\/09\/KIMA2.jpg","contentUrl":"https:\/\/formaftec.com\/phommason-da-silvaga\/wp-content\/uploads\/sites\/38\/2024\/09\/KIMA2.jpg","width":1179,"height":1049},{"@type":"BreadcrumbList","@id":"https:\/\/formaftec.com\/phommason-da-silvaga\/?page_id=354#breadcrumb","itemListElement":[{"@type":"ListItem","position":1,"name":"Accueil","item":"https:\/\/formaftec.com\/phommason-da-silvaga\/"},{"@type":"ListItem","position":2,"name":"SHOWCASE KIMA"}]},{"@type":"WebSite","@id":"https:\/\/formaftec.com\/phommason-da-silvaga\/#website","url":"https:\/\/formaftec.com\/phommason-da-silvaga\/","name":"","description":"Rien d&#039;sp\u00e9cial","potentialAction":[{"@type":"SearchAction","target":{"@type":"EntryPoint","urlTemplate":"https:\/\/formaftec.com\/phommason-da-silvaga\/?s={search_term_string}"},"query-input":{"@type":"PropertyValueSpecification","valueRequired":true,"valueName":"search_term_string"}}],"inLanguage":"fr-FR"}]}},"uagb_featured_image_src":{"full":false,"thumbnail":false,"medium":false,"medium_large":false,"large":false,"1536x1536":false,"2048x2048":false,"inspiro-featured-image":false,"inspiro-loop":false,"inspiro-loop@2x":false,"tlp-portfolio-thumb":false},"uagb_author_info":{"display_name":"phommason-da-silvaga","author_link":"https:\/\/formaftec.com\/phommason-da-silvaga\/?author=39"},"uagb_comment_info":0,"uagb_excerpt":"A PROPOS Le 26 novembre 2023, nous organisions la venue de l&rsquo;artiste Kima, pour un showcase lors d&rsquo;une soir\u00e9e qui se d\u00e9roulait \u00e0 Saran. MA VISION Un plaisir de collaborer encore et encore avec LSVS EVENT, des amis de longue date, en plus de cela avec un artiste que j&rsquo;\u00e9coute depuis assez longtemps et qui\u2026","_links":{"self":[{"href":"https:\/\/formaftec.com\/phommason-da-silvaga\/index.php?rest_route=\/wp\/v2\/pages\/354","targetHints":{"allow":["GET"]}}],"collection":[{"href":"https:\/\/formaftec.com\/phommason-da-silvaga\/index.php?rest_route=\/wp\/v2\/pages"}],"about":[{"href":"https:\/\/formaftec.com\/phommason-da-silvaga\/index.php?rest_route=\/wp\/v2\/types\/page"}],"author":[{"embeddable":true,"href":"https:\/\/formaftec.com\/phommason-da-silvaga\/index.php?rest_route=\/wp\/v2\/users\/39"}],"replies":[{"embeddable":true,"href":"https:\/\/formaftec.com\/phommason-da-silvaga\/index.php?rest_route=%2Fwp%2Fv2%2Fcomments&post=354"}],"version-history":[{"count":6,"href":"https:\/\/formaftec.com\/phommason-da-silvaga\/index.php?rest_route=\/wp\/v2\/pages\/354\/revisions"}],"predecessor-version":[{"id":369,"href":"https:\/\/formaftec.com\/phommason-da-silvaga\/index.php?rest_route=\/wp\/v2\/pages\/354\/revisions\/369"}],"wp:attachment":[{"href":"https:\/\/formaftec.com\/phommason-da-silvaga\/index.php?rest_route=%2Fwp%2Fv2%2Fmedia&parent=354"}],"curies":[{"name":"wp","href":"https:\/\/api.w.org\/{rel}","templated":true}]}}