{"id":141,"date":"2024-12-17T12:10:42","date_gmt":"2024-12-17T11:10:42","guid":{"rendered":"https:\/\/formaftec.com\/ribeirole\/?page_id=141"},"modified":"2024-12-29T14:15:10","modified_gmt":"2024-12-29T13:15:10","slug":"mes-projets-professionnels","status":"publish","type":"page","link":"https:\/\/formaftec.com\/ribeirole\/mes-projets-professionnels\/","title":{"rendered":"Mes projets AFTEC !"},"content":{"rendered":"\t\t<div data-elementor-type=\"wp-page\" data-elementor-id=\"141\" class=\"elementor elementor-141\">\n\t\t\t\t<div class=\"elementor-element elementor-element-5d2dbe3 e-flex e-con-boxed e-con e-parent\" data-id=\"5d2dbe3\" data-element_type=\"container\" data-e-type=\"container\">\n\t\t\t\t\t<div class=\"e-con-inner\">\n\t\t\t\t<div class=\"elementor-element elementor-element-3b3ade4 elementor-absolute elementor-widget__width-initial elementor-widget elementor-widget-button\" data-id=\"3b3ade4\" data-element_type=\"widget\" data-e-type=\"widget\" data-settings=\"{&quot;_position&quot;:&quot;absolute&quot;}\" data-widget_type=\"button.default\">\n\t\t\t\t<div class=\"elementor-widget-container\">\n\t\t\t\t\t\t\t\t\t<div class=\"elementor-button-wrapper\">\n\t\t\t\t\t<a class=\"elementor-button elementor-button-link elementor-size-sm\" href=\"https:\/\/formaftec.com\/ribeirole\/iziwup\/#\">\n\t\t\t\t\t\t<span class=\"elementor-button-content-wrapper\">\n\t\t\t\t\t\t\t\t\t<span class=\"elementor-button-text\">IZIWUP ! <\/span>\n\t\t\t\t\t<\/span>\n\t\t\t\t\t<\/a>\n\t\t\t\t<\/div>\n\t\t\t\t\t\t\t\t<\/div>\n\t\t\t\t<\/div>\n\t\t\t\t\t<\/div>\n\t\t\t\t<\/div>\n\t\t<div class=\"elementor-element elementor-element-30b2314 e-flex e-con-boxed e-con e-parent\" data-id=\"30b2314\" data-element_type=\"container\" data-e-type=\"container\">\n\t\t\t\t\t<div class=\"e-con-inner\">\n\t\t\t\t<div class=\"elementor-element elementor-element-d96a5a6 elementor-widget__width-initial elementor-absolute elementor-widget elementor-widget-video\" data-id=\"d96a5a6\" data-element_type=\"widget\" data-e-type=\"widget\" data-settings=\"{&quot;video_type&quot;:&quot;hosted&quot;,&quot;_position&quot;:&quot;absolute&quot;,&quot;autoplay&quot;:&quot;yes&quot;,&quot;controls&quot;:&quot;yes&quot;}\" data-widget_type=\"video.default\">\n\t\t\t\t<div class=\"elementor-widget-container\">\n\t\t\t\t\t\t\t<div class=\"e-hosted-video elementor-wrapper elementor-open-inline\">\n\t\t\t\t\t<video class=\"elementor-video\" src=\"https:\/\/formaftec.com\/ribeirole\/wp-content\/uploads\/sites\/44\/2024\/12\/6994820_Virtual-Reality_Cyber_1920x1080.mp4\" autoplay=\"\" controls=\"\" controlsList=\"nodownload\"><\/video>\n\t\t\t\t<\/div>\n\t\t\t\t\t\t<\/div>\n\t\t\t\t<\/div>\n\t\t\t\t\t<\/div>\n\t\t\t\t<\/div>\n\t\t<div class=\"elementor-element elementor-element-27dafbf e-flex e-con-boxed e-con e-parent\" data-id=\"27dafbf\" data-element_type=\"container\" data-e-type=\"container\">\n\t\t\t\t\t<div class=\"e-con-inner\">\n\t\t\t\t<div class=\"elementor-element elementor-element-a36aa8f elementor-widget__width-initial elementor-absolute elementor-widget elementor-widget-text-editor\" data-id=\"a36aa8f\" data-element_type=\"widget\" data-e-type=\"widget\" data-settings=\"{&quot;_position&quot;:&quot;absolute&quot;}\" data-widget_type=\"text-editor.default\">\n\t\t\t\t<div class=\"elementor-widget-container\">\n\t\t\t\t\t\t\t\t\t<p>dans la section d\u00e9di\u00e9e \u00e0 mes projets Aftec Formation ! Depuis deux ans maintenant, j&rsquo;ai eu l&rsquo;occasion de mener des projets vari\u00e9s dans le cadre des \u00e9tudes. Ces exp\u00e9riences m,&rsquo;ont permis de d\u00e9velopper mes comp\u00e9tences, d&rsquo;explorer de nouvelles id\u00e9es et de m&rsquo;\u00e9panouir dans les mati\u00e8res ou je me passionne. Prenez le temps de d\u00e9couvrir ce travail, et laissez-vous inspirer !\u00a0<\/p>\t\t\t\t\t\t\t\t<\/div>\n\t\t\t\t<\/div>\n\t\t\t\t\t<\/div>\n\t\t\t\t<\/div>\n\t\t<div class=\"elementor-element elementor-element-b43a694 e-flex e-con-boxed e-con e-parent\" data-id=\"b43a694\" data-element_type=\"container\" data-e-type=\"container\">\n\t\t\t\t\t<div class=\"e-con-inner\">\n\t\t\t\t<div class=\"elementor-element elementor-element-3947c15 elementor-absolute elementor-widget elementor-widget-heading\" data-id=\"3947c15\" data-element_type=\"widget\" data-e-type=\"widget\" data-settings=\"{&quot;_position&quot;:&quot;absolute&quot;}\" data-widget_type=\"heading.default\">\n\t\t\t\t<div class=\"elementor-widget-container\">\n\t\t\t\t\t<h2 class=\"elementor-heading-title elementor-size-default\">Bienvenue <\/h2>\t\t\t\t<\/div>\n\t\t\t\t<\/div>\n\t\t\t\t\t<\/div>\n\t\t\t\t<\/div>\n\t\t<div class=\"elementor-element elementor-element-e4e2eef e-flex e-con-boxed e-con e-parent\" data-id=\"e4e2eef\" data-element_type=\"container\" data-e-type=\"container\">\n\t\t\t\t\t<div class=\"e-con-inner\">\n\t\t\t\t<div class=\"elementor-element elementor-element-4b6099a elementor-absolute elementor-widget elementor-widget-button\" data-id=\"4b6099a\" data-element_type=\"widget\" data-e-type=\"widget\" data-settings=\"{&quot;_position&quot;:&quot;absolute&quot;}\" data-widget_type=\"button.default\">\n\t\t\t\t<div class=\"elementor-widget-container\">\n\t\t\t\t\t\t\t\t\t<div class=\"elementor-button-wrapper\">\n\t\t\t\t\t<a class=\"elementor-button elementor-button-link elementor-size-sm\" href=\"#\">\n\t\t\t\t\t\t<span class=\"elementor-button-content-wrapper\">\n\t\t\t\t\t\t\t\t\t<span class=\"elementor-button-text\">L'enfant Bleu<\/span>\n\t\t\t\t\t<\/span>\n\t\t\t\t\t<\/a>\n\t\t\t\t<\/div>\n\t\t\t\t\t\t\t\t<\/div>\n\t\t\t\t<\/div>\n\t\t\t\t<div class=\"elementor-element elementor-element-98e598a elementor-absolute elementor-widget elementor-widget-button\" data-id=\"98e598a\" data-element_type=\"widget\" data-e-type=\"widget\" data-settings=\"{&quot;_position&quot;:&quot;absolute&quot;}\" data-widget_type=\"button.default\">\n\t\t\t\t<div class=\"elementor-widget-container\">\n\t\t\t\t\t\t\t\t\t<div class=\"elementor-button-wrapper\">\n\t\t\t\t\t<a class=\"elementor-button elementor-button-link elementor-size-sm\" href=\"#\">\n\t\t\t\t\t\t<span class=\"elementor-button-content-wrapper\">\n\t\t\t\t\t\t\t\t\t<span class=\"elementor-button-text\">Passions &amp; Addictions<\/span>\n\t\t\t\t\t<\/span>\n\t\t\t\t\t<\/a>\n\t\t\t\t<\/div>\n\t\t\t\t\t\t\t\t<\/div>\n\t\t\t\t<\/div>\n\t\t\t\t<div class=\"elementor-element elementor-element-71f37c1 elementor-absolute elementor-widget elementor-widget-button\" data-id=\"71f37c1\" data-element_type=\"widget\" data-e-type=\"widget\" data-settings=\"{&quot;_position&quot;:&quot;absolute&quot;}\" data-widget_type=\"button.default\">\n\t\t\t\t<div class=\"elementor-widget-container\">\n\t\t\t\t\t\t\t\t\t<div class=\"elementor-button-wrapper\">\n\t\t\t\t\t<a class=\"elementor-button elementor-button-link elementor-size-sm\" href=\"#\">\n\t\t\t\t\t\t<span class=\"elementor-button-content-wrapper\">\n\t\t\t\t\t\t\t\t\t<span class=\"elementor-button-text\">BSB WORD<\/span>\n\t\t\t\t\t<\/span>\n\t\t\t\t\t<\/a>\n\t\t\t\t<\/div>\n\t\t\t\t\t\t\t\t<\/div>\n\t\t\t\t<\/div>\n\t\t\t\t\t<\/div>\n\t\t\t\t<\/div>\n\t\t\t\t<\/div>\n\t\t","protected":false},"excerpt":{"rendered":"<p>IZIWUP ! https:\/\/formaftec.com\/ribeirole\/wp-content\/uploads\/sites\/44\/2024\/12\/6994820_Virtual-Reality_Cyber_1920x1080.mp4 dans la section d\u00e9di\u00e9e \u00e0 mes projets Aftec Formation ! Depuis deux ans maintenant, j&rsquo;ai eu l&rsquo;occasion de mener des projets vari\u00e9s dans le cadre des \u00e9tudes. Ces exp\u00e9riences m,&rsquo;ont permis de d\u00e9velopper mes comp\u00e9tences, d&rsquo;explorer de nouvelles id\u00e9es et de m&rsquo;\u00e9panouir dans les mati\u00e8res ou je me passionne. Prenez le temps &hellip; <\/p>\n<p class=\"link-more\"><a href=\"https:\/\/formaftec.com\/ribeirole\/mes-projets-professionnels\/\" class=\"more-link\">Lire la suite de<span class=\"screen-reader-text\">\u00ab\u00a0Mes projets AFTEC !\u00a0\u00bb<\/span><\/a><\/p>\n","protected":false},"author":45,"featured_media":0,"parent":0,"menu_order":0,"comment_status":"closed","ping_status":"closed","template":"","meta":{"_uag_custom_page_level_css":"","footnotes":""},"class_list":["post-141","page","type-page","status-publish","hentry"],"yoast_head":"<!-- This site is optimized with the Yoast SEO plugin v27.4 - https:\/\/yoast.com\/product\/yoast-seo-wordpress\/ -->\n<title>Mes projets AFTEC ! - PORTFOLIO.<\/title>\n<meta name=\"robots\" content=\"index, follow, max-snippet:-1, max-image-preview:large, max-video-preview:-1\" \/>\n<link rel=\"canonical\" href=\"https:\/\/formaftec.com\/ribeirole\/mes-projets-professionnels\/\" \/>\n<meta property=\"og:locale\" content=\"fr_FR\" \/>\n<meta property=\"og:type\" content=\"article\" \/>\n<meta property=\"og:title\" content=\"Mes projets AFTEC ! - PORTFOLIO.\" \/>\n<meta property=\"og:description\" content=\"IZIWUP ! https:\/\/formaftec.com\/ribeirole\/wp-content\/uploads\/sites\/44\/2024\/12\/6994820_Virtual-Reality_Cyber_1920x1080.mp4 dans la section d\u00e9di\u00e9e \u00e0 mes projets Aftec Formation ! Depuis deux ans maintenant, j&rsquo;ai eu l&rsquo;occasion de mener des projets vari\u00e9s dans le cadre des \u00e9tudes. Ces exp\u00e9riences m,&rsquo;ont permis de d\u00e9velopper mes comp\u00e9tences, d&rsquo;explorer de nouvelles id\u00e9es et de m&rsquo;\u00e9panouir dans les mati\u00e8res ou je me passionne. Prenez le temps &hellip; Lire la suite de\u00ab\u00a0Mes projets AFTEC !\u00a0\u00bb\" \/>\n<meta property=\"og:url\" content=\"https:\/\/formaftec.com\/ribeirole\/mes-projets-professionnels\/\" \/>\n<meta property=\"og:site_name\" content=\"PORTFOLIO.\" \/>\n<meta property=\"article:modified_time\" content=\"2024-12-29T13:15:10+00:00\" \/>\n<meta name=\"twitter:card\" content=\"summary_large_image\" \/>\n<meta name=\"twitter:label1\" content=\"Dur\u00e9e de lecture estim\u00e9e\" \/>\n\t<meta name=\"twitter:data1\" content=\"1 minute\" \/>\n<script type=\"application\/ld+json\" class=\"yoast-schema-graph\">{\"@context\":\"https:\\\/\\\/schema.org\",\"@graph\":[{\"@type\":\"WebPage\",\"@id\":\"https:\\\/\\\/formaftec.com\\\/ribeirole\\\/mes-projets-professionnels\\\/\",\"url\":\"https:\\\/\\\/formaftec.com\\\/ribeirole\\\/mes-projets-professionnels\\\/\",\"name\":\"Mes projets AFTEC ! - PORTFOLIO.\",\"isPartOf\":{\"@id\":\"https:\\\/\\\/formaftec.com\\\/ribeirole\\\/#website\"},\"datePublished\":\"2024-12-17T11:10:42+00:00\",\"dateModified\":\"2024-12-29T13:15:10+00:00\",\"breadcrumb\":{\"@id\":\"https:\\\/\\\/formaftec.com\\\/ribeirole\\\/mes-projets-professionnels\\\/#breadcrumb\"},\"inLanguage\":\"fr-FR\",\"potentialAction\":[{\"@type\":\"ReadAction\",\"target\":[\"https:\\\/\\\/formaftec.com\\\/ribeirole\\\/mes-projets-professionnels\\\/\"]}]},{\"@type\":\"BreadcrumbList\",\"@id\":\"https:\\\/\\\/formaftec.com\\\/ribeirole\\\/mes-projets-professionnels\\\/#breadcrumb\",\"itemListElement\":[{\"@type\":\"ListItem\",\"position\":1,\"name\":\"Accueil\",\"item\":\"https:\\\/\\\/formaftec.com\\\/ribeirole\\\/\"},{\"@type\":\"ListItem\",\"position\":2,\"name\":\"Mes projets AFTEC !\"}]},{\"@type\":\"WebSite\",\"@id\":\"https:\\\/\\\/formaftec.com\\\/ribeirole\\\/#website\",\"url\":\"https:\\\/\\\/formaftec.com\\\/ribeirole\\\/\",\"name\":\"PORTFOLIO.\",\"description\":\"ENVIE D&#039;EN SAVOIR PLUS SUR MES PROJETS ? \",\"publisher\":{\"@id\":\"https:\\\/\\\/formaftec.com\\\/ribeirole\\\/#organization\"},\"potentialAction\":[{\"@type\":\"SearchAction\",\"target\":{\"@type\":\"EntryPoint\",\"urlTemplate\":\"https:\\\/\\\/formaftec.com\\\/ribeirole\\\/?s={search_term_string}\"},\"query-input\":{\"@type\":\"PropertyValueSpecification\",\"valueRequired\":true,\"valueName\":\"search_term_string\"}}],\"inLanguage\":\"fr-FR\"},{\"@type\":\"Organization\",\"@id\":\"https:\\\/\\\/formaftec.com\\\/ribeirole\\\/#organization\",\"name\":\"PORTFOLIO.\",\"url\":\"https:\\\/\\\/formaftec.com\\\/ribeirole\\\/\",\"logo\":{\"@type\":\"ImageObject\",\"inLanguage\":\"fr-FR\",\"@id\":\"https:\\\/\\\/formaftec.com\\\/ribeirole\\\/#\\\/schema\\\/logo\\\/image\\\/\",\"url\":\"https:\\\/\\\/formaftec.com\\\/ribeirole\\\/wp-content\\\/uploads\\\/sites\\\/44\\\/2024\\\/10\\\/cropped-2-1.png\",\"contentUrl\":\"https:\\\/\\\/formaftec.com\\\/ribeirole\\\/wp-content\\\/uploads\\\/sites\\\/44\\\/2024\\\/10\\\/cropped-2-1.png\",\"width\":1563,\"height\":950,\"caption\":\"PORTFOLIO.\"},\"image\":{\"@id\":\"https:\\\/\\\/formaftec.com\\\/ribeirole\\\/#\\\/schema\\\/logo\\\/image\\\/\"}}]}<\/script>\n<!-- \/ Yoast SEO plugin. -->","yoast_head_json":{"title":"Mes projets AFTEC ! - PORTFOLIO.","robots":{"index":"index","follow":"follow","max-snippet":"max-snippet:-1","max-image-preview":"max-image-preview:large","max-video-preview":"max-video-preview:-1"},"canonical":"https:\/\/formaftec.com\/ribeirole\/mes-projets-professionnels\/","og_locale":"fr_FR","og_type":"article","og_title":"Mes projets AFTEC ! - PORTFOLIO.","og_description":"IZIWUP ! https:\/\/formaftec.com\/ribeirole\/wp-content\/uploads\/sites\/44\/2024\/12\/6994820_Virtual-Reality_Cyber_1920x1080.mp4 dans la section d\u00e9di\u00e9e \u00e0 mes projets Aftec Formation ! Depuis deux ans maintenant, j&rsquo;ai eu l&rsquo;occasion de mener des projets vari\u00e9s dans le cadre des \u00e9tudes. Ces exp\u00e9riences m,&rsquo;ont permis de d\u00e9velopper mes comp\u00e9tences, d&rsquo;explorer de nouvelles id\u00e9es et de m&rsquo;\u00e9panouir dans les mati\u00e8res ou je me passionne. Prenez le temps &hellip; Lire la suite de\u00ab\u00a0Mes projets AFTEC !\u00a0\u00bb","og_url":"https:\/\/formaftec.com\/ribeirole\/mes-projets-professionnels\/","og_site_name":"PORTFOLIO.","article_modified_time":"2024-12-29T13:15:10+00:00","twitter_card":"summary_large_image","twitter_misc":{"Dur\u00e9e de lecture estim\u00e9e":"1 minute"},"schema":{"@context":"https:\/\/schema.org","@graph":[{"@type":"WebPage","@id":"https:\/\/formaftec.com\/ribeirole\/mes-projets-professionnels\/","url":"https:\/\/formaftec.com\/ribeirole\/mes-projets-professionnels\/","name":"Mes projets AFTEC ! - PORTFOLIO.","isPartOf":{"@id":"https:\/\/formaftec.com\/ribeirole\/#website"},"datePublished":"2024-12-17T11:10:42+00:00","dateModified":"2024-12-29T13:15:10+00:00","breadcrumb":{"@id":"https:\/\/formaftec.com\/ribeirole\/mes-projets-professionnels\/#breadcrumb"},"inLanguage":"fr-FR","potentialAction":[{"@type":"ReadAction","target":["https:\/\/formaftec.com\/ribeirole\/mes-projets-professionnels\/"]}]},{"@type":"BreadcrumbList","@id":"https:\/\/formaftec.com\/ribeirole\/mes-projets-professionnels\/#breadcrumb","itemListElement":[{"@type":"ListItem","position":1,"name":"Accueil","item":"https:\/\/formaftec.com\/ribeirole\/"},{"@type":"ListItem","position":2,"name":"Mes projets AFTEC !"}]},{"@type":"WebSite","@id":"https:\/\/formaftec.com\/ribeirole\/#website","url":"https:\/\/formaftec.com\/ribeirole\/","name":"PORTFOLIO.","description":"ENVIE D&#039;EN SAVOIR PLUS SUR MES PROJETS ? ","publisher":{"@id":"https:\/\/formaftec.com\/ribeirole\/#organization"},"potentialAction":[{"@type":"SearchAction","target":{"@type":"EntryPoint","urlTemplate":"https:\/\/formaftec.com\/ribeirole\/?s={search_term_string}"},"query-input":{"@type":"PropertyValueSpecification","valueRequired":true,"valueName":"search_term_string"}}],"inLanguage":"fr-FR"},{"@type":"Organization","@id":"https:\/\/formaftec.com\/ribeirole\/#organization","name":"PORTFOLIO.","url":"https:\/\/formaftec.com\/ribeirole\/","logo":{"@type":"ImageObject","inLanguage":"fr-FR","@id":"https:\/\/formaftec.com\/ribeirole\/#\/schema\/logo\/image\/","url":"https:\/\/formaftec.com\/ribeirole\/wp-content\/uploads\/sites\/44\/2024\/10\/cropped-2-1.png","contentUrl":"https:\/\/formaftec.com\/ribeirole\/wp-content\/uploads\/sites\/44\/2024\/10\/cropped-2-1.png","width":1563,"height":950,"caption":"PORTFOLIO."},"image":{"@id":"https:\/\/formaftec.com\/ribeirole\/#\/schema\/logo\/image\/"}}]}},"uagb_featured_image_src":{"full":false,"thumbnail":false,"medium":false,"medium_large":false,"large":false,"1536x1536":false,"2048x2048":false,"inspiro-featured-image":false,"inspiro-loop":false,"inspiro-loop@2x":false,"tlp-portfolio-thumb":false},"uagb_author_info":{"display_name":"ribeirole","author_link":"https:\/\/formaftec.com\/ribeirole\/author\/ribeirole\/"},"uagb_comment_info":0,"uagb_excerpt":"IZIWUP ! https:\/\/formaftec.com\/ribeirole\/wp-content\/uploads\/sites\/44\/2024\/12\/6994820_Virtual-Reality_Cyber_1920x1080.mp4 dans la section d\u00e9di\u00e9e \u00e0 mes projets Aftec Formation ! Depuis deux ans maintenant, j&rsquo;ai eu l&rsquo;occasion de mener des projets vari\u00e9s dans le cadre des \u00e9tudes. Ces exp\u00e9riences m,&rsquo;ont permis de d\u00e9velopper mes comp\u00e9tences, d&rsquo;explorer de nouvelles id\u00e9es et de m&rsquo;\u00e9panouir dans les mati\u00e8res ou je me passionne. Prenez le temps\u2026","_links":{"self":[{"href":"https:\/\/formaftec.com\/ribeirole\/wp-json\/wp\/v2\/pages\/141","targetHints":{"allow":["GET"]}}],"collection":[{"href":"https:\/\/formaftec.com\/ribeirole\/wp-json\/wp\/v2\/pages"}],"about":[{"href":"https:\/\/formaftec.com\/ribeirole\/wp-json\/wp\/v2\/types\/page"}],"author":[{"embeddable":true,"href":"https:\/\/formaftec.com\/ribeirole\/wp-json\/wp\/v2\/users\/45"}],"replies":[{"embeddable":true,"href":"https:\/\/formaftec.com\/ribeirole\/wp-json\/wp\/v2\/comments?post=141"}],"version-history":[{"count":33,"href":"https:\/\/formaftec.com\/ribeirole\/wp-json\/wp\/v2\/pages\/141\/revisions"}],"predecessor-version":[{"id":380,"href":"https:\/\/formaftec.com\/ribeirole\/wp-json\/wp\/v2\/pages\/141\/revisions\/380"}],"wp:attachment":[{"href":"https:\/\/formaftec.com\/ribeirole\/wp-json\/wp\/v2\/media?parent=141"}],"curies":[{"name":"wp","href":"https:\/\/api.w.org\/{rel}","templated":true}]}}