{"id":467,"date":"2025-01-14T22:19:51","date_gmt":"2025-01-14T21:19:51","guid":{"rendered":"https:\/\/formaftec.com\/ribeirole\/?page_id=467"},"modified":"2025-01-28T15:13:18","modified_gmt":"2025-01-28T14:13:18","slug":"projet-food-club","status":"publish","type":"page","link":"https:\/\/formaftec.com\/ribeirole\/mes-projets-shoot-production\/projet-food-club\/","title":{"rendered":"Projet Food Club"},"content":{"rendered":"\t\t<div data-elementor-type=\"wp-page\" data-elementor-id=\"467\" class=\"elementor elementor-467\">\n\t\t\t\t<div class=\"elementor-element elementor-element-03e99fa e-flex e-con-boxed e-con e-parent\" data-id=\"03e99fa\" data-element_type=\"container\" data-e-type=\"container\">\n\t\t\t\t\t<div class=\"e-con-inner\">\n\t\t\t\t<div class=\"elementor-element elementor-element-b61ef2f elementor-widget elementor-widget-heading\" data-id=\"b61ef2f\" data-element_type=\"widget\" data-e-type=\"widget\" data-widget_type=\"heading.default\">\n\t\t\t\t<div class=\"elementor-widget-container\">\n\t\t\t\t\t<h2 class=\"elementor-heading-title elementor-size-default\">Client : Food Club <br>Date :  Septembre 2024<br>Le besoin : Concevoir une vid\u00e9o promotionnelle du restaurant + Cr\u00e9ation de flyers<\/h2>\t\t\t\t<\/div>\n\t\t\t\t<\/div>\n\t\t\t\t\t<\/div>\n\t\t\t\t<\/div>\n\t\t<div class=\"elementor-element elementor-element-1278d63 e-flex e-con-boxed e-con e-parent\" data-id=\"1278d63\" data-element_type=\"container\" data-e-type=\"container\">\n\t\t\t\t\t<div class=\"e-con-inner\">\n\t\t\t\t<div class=\"elementor-element elementor-element-62854d0 elementor-widget elementor-widget-heading\" data-id=\"62854d0\" data-element_type=\"widget\" data-e-type=\"widget\" data-widget_type=\"heading.default\">\n\t\t\t\t<div class=\"elementor-widget-container\">\n\t\t\t\t\t<h2 class=\"elementor-heading-title elementor-size-default\">La vid\u00e9o<\/h2>\t\t\t\t<\/div>\n\t\t\t\t<\/div>\n\t\t\t\t\t<\/div>\n\t\t\t\t<\/div>\n\t\t<div class=\"elementor-element elementor-element-c9dc79e e-flex e-con-boxed e-con e-parent\" data-id=\"c9dc79e\" data-element_type=\"container\" data-e-type=\"container\">\n\t\t\t\t\t<div class=\"e-con-inner\">\n\t\t<div class=\"elementor-element elementor-element-f5ffdbb e-con-full e-flex e-con e-child\" data-id=\"f5ffdbb\" data-element_type=\"container\" data-e-type=\"container\">\n\t\t\t\t<\/div>\n\t\t\t\t<div class=\"elementor-element elementor-element-2bd31bc elementor-widget elementor-widget-heading\" data-id=\"2bd31bc\" data-element_type=\"widget\" data-e-type=\"widget\" data-widget_type=\"heading.default\">\n\t\t\t\t<div class=\"elementor-widget-container\">\n\t\t\t\t\t<h2 class=\"elementor-heading-title elementor-size-default\">LA CARTE  TV ! <\/h2>\t\t\t\t<\/div>\n\t\t\t\t<\/div>\n\t\t\t\t\t<\/div>\n\t\t\t\t<\/div>\n\t\t<div class=\"elementor-element elementor-element-62cfd5c e-flex e-con-boxed e-con e-parent\" data-id=\"62cfd5c\" data-element_type=\"container\" data-e-type=\"container\">\n\t\t\t\t\t<div class=\"e-con-inner\">\n\t\t\t\t<div class=\"elementor-element elementor-element-9a9067f elementor-widget elementor-widget-image\" data-id=\"9a9067f\" data-element_type=\"widget\" data-e-type=\"widget\" data-widget_type=\"image.default\">\n\t\t\t\t<div class=\"elementor-widget-container\">\n\t\t\t\t\t\t\t\t\t\t\t\t\t\t\t<img decoding=\"async\" src=\"https:\/\/formaftec.com\/ribeirole\/wp-content\/uploads\/sites\/44\/2025\/01\/FOOD-CLUB-LA-CARTE-TV.pdf\" title=\"\" alt=\"\" loading=\"lazy\" \/>\t\t\t\t\t\t\t\t\t\t\t\t\t\t\t<\/div>\n\t\t\t\t<\/div>\n\t\t\t\t\t<\/div>\n\t\t\t\t<\/div>\n\t\t<div class=\"elementor-element elementor-element-0d02e66 e-flex e-con-boxed e-con e-parent\" data-id=\"0d02e66\" data-element_type=\"container\" data-e-type=\"container\">\n\t\t\t\t\t<div class=\"e-con-inner\">\n\t\t\t\t<div class=\"elementor-element elementor-element-656372a elementor-widget elementor-widget-heading\" data-id=\"656372a\" data-element_type=\"widget\" data-e-type=\"widget\" data-widget_type=\"heading.default\">\n\t\t\t\t<div class=\"elementor-widget-container\">\n\t\t\t\t\t<h2 class=\"elementor-heading-title elementor-size-default\">CARTE FORMAT A4 (PRINT) <\/h2>\t\t\t\t<\/div>\n\t\t\t\t<\/div>\n\t\t\t\t<div class=\"elementor-element elementor-element-124a72d elementor-widget elementor-widget-text-editor\" data-id=\"124a72d\" data-element_type=\"widget\" data-e-type=\"widget\" data-widget_type=\"text-editor.default\">\n\t\t\t\t<div class=\"elementor-widget-container\">\n\t\t\t\t\t\t\t\t\t<p><span style=\"font-size: medium\">\u00ab\u00a0<\/span><span style=\"font-size: medium;font-family: var( --e-global-typography-text-font-family ), Sans-serif;text-align: var(--text-align)\">Ce flyer est au format A4, parfait pour une impression de qualit\u00e9. Il offre assez d\u2019espace pour un design clair et attractif, tout en restant pratique pour vos supports de communication.<\/span><\/p>\t\t\t\t\t\t\t\t<\/div>\n\t\t\t\t<\/div>\n\t\t\t\t\t<\/div>\n\t\t\t\t<\/div>\n\t\t<div class=\"elementor-element elementor-element-4f17591 e-flex e-con-boxed e-con e-parent\" data-id=\"4f17591\" data-element_type=\"container\" data-e-type=\"container\">\n\t\t\t\t\t<div class=\"e-con-inner\">\n\t\t\t\t<div class=\"elementor-element elementor-element-53abc68 elementor-widget elementor-widget-image\" data-id=\"53abc68\" data-element_type=\"widget\" data-e-type=\"widget\" data-widget_type=\"image.default\">\n\t\t\t\t<div class=\"elementor-widget-container\">\n\t\t\t\t\t\t\t\t\t\t\t\t\t\t\t<img fetchpriority=\"high\" decoding=\"async\" width=\"722\" height=\"1024\" src=\"https:\/\/formaftec.com\/ribeirole\/wp-content\/uploads\/sites\/44\/2025\/01\/2-2-722x1024.png\" class=\"attachment-large size-large wp-image-517\" alt=\"\" srcset=\"https:\/\/formaftec.com\/ribeirole\/wp-content\/uploads\/sites\/44\/2025\/01\/2-2-722x1024.png 722w, https:\/\/formaftec.com\/ribeirole\/wp-content\/uploads\/sites\/44\/2025\/01\/2-2-211x300.png 211w, https:\/\/formaftec.com\/ribeirole\/wp-content\/uploads\/sites\/44\/2025\/01\/2-2-2000x2838.png 2000w, https:\/\/formaftec.com\/ribeirole\/wp-content\/uploads\/sites\/44\/2025\/01\/2-2-1443x2048.png 1443w, https:\/\/formaftec.com\/ribeirole\/wp-content\/uploads\/sites\/44\/2025\/01\/2-2-1083x1536.png 1083w\" sizes=\"100vw\" \/>\t\t\t\t\t\t\t\t\t\t\t\t\t\t\t<\/div>\n\t\t\t\t<\/div>\n\t\t\t\t\t<\/div>\n\t\t\t\t<\/div>\n\t\t\t\t<\/div>\n\t\t","protected":false},"excerpt":{"rendered":"<p>Client : Food Club Date : Septembre 2024Le besoin : Concevoir une vid\u00e9o promotionnelle du restaurant + Cr\u00e9ation de flyers La vid\u00e9o LA CARTE TV ! CARTE FORMAT A4 (PRINT) \u00ab\u00a0Ce flyer est au format A4, parfait pour une impression de qualit\u00e9. Il offre assez d\u2019espace pour un design clair et attractif, tout en restant &hellip; <\/p>\n<p class=\"link-more\"><a href=\"https:\/\/formaftec.com\/ribeirole\/mes-projets-shoot-production\/projet-food-club\/\" class=\"more-link\">Lire la suite de<span class=\"screen-reader-text\">\u00ab\u00a0Projet Food Club\u00a0\u00bb<\/span><\/a><\/p>\n","protected":false},"author":45,"featured_media":0,"parent":194,"menu_order":0,"comment_status":"closed","ping_status":"closed","template":"","meta":{"_uag_custom_page_level_css":"","footnotes":""},"class_list":["post-467","page","type-page","status-publish","hentry"],"yoast_head":"<!-- This site is optimized with the Yoast SEO plugin v27.4 - https:\/\/yoast.com\/product\/yoast-seo-wordpress\/ -->\n<title>Projet Food Club - PORTFOLIO.<\/title>\n<meta name=\"robots\" content=\"index, follow, max-snippet:-1, max-image-preview:large, max-video-preview:-1\" \/>\n<link rel=\"canonical\" href=\"https:\/\/formaftec.com\/ribeirole\/mes-projets-shoot-production\/projet-food-club\/\" \/>\n<meta property=\"og:locale\" content=\"fr_FR\" \/>\n<meta property=\"og:type\" content=\"article\" \/>\n<meta property=\"og:title\" content=\"Projet Food Club - PORTFOLIO.\" \/>\n<meta property=\"og:description\" content=\"Client : Food Club Date : Septembre 2024Le besoin : Concevoir une vid\u00e9o promotionnelle du restaurant + Cr\u00e9ation de flyers La vid\u00e9o LA CARTE TV ! CARTE FORMAT A4 (PRINT) \u00ab\u00a0Ce flyer est au format A4, parfait pour une impression de qualit\u00e9. Il offre assez d\u2019espace pour un design clair et attractif, tout en restant &hellip; Lire la suite de\u00ab\u00a0Projet Food Club\u00a0\u00bb\" \/>\n<meta property=\"og:url\" content=\"https:\/\/formaftec.com\/ribeirole\/mes-projets-shoot-production\/projet-food-club\/\" \/>\n<meta property=\"og:site_name\" content=\"PORTFOLIO.\" \/>\n<meta property=\"article:modified_time\" content=\"2025-01-28T14:13:18+00:00\" \/>\n<meta property=\"og:image\" content=\"https:\/\/formaftec.com\/ribeirole\/wp-content\/uploads\/sites\/44\/2025\/01\/FOOD-CLUB-LA-CARTE-TV.pdf\" \/>\n<meta name=\"twitter:card\" content=\"summary_large_image\" \/>\n<meta name=\"twitter:label1\" content=\"Dur\u00e9e de lecture estim\u00e9e\" \/>\n\t<meta name=\"twitter:data1\" content=\"1 minute\" \/>\n<script type=\"application\/ld+json\" class=\"yoast-schema-graph\">{\"@context\":\"https:\\\/\\\/schema.org\",\"@graph\":[{\"@type\":\"WebPage\",\"@id\":\"https:\\\/\\\/formaftec.com\\\/ribeirole\\\/mes-projets-shoot-production\\\/projet-food-club\\\/\",\"url\":\"https:\\\/\\\/formaftec.com\\\/ribeirole\\\/mes-projets-shoot-production\\\/projet-food-club\\\/\",\"name\":\"Projet Food Club - PORTFOLIO.\",\"isPartOf\":{\"@id\":\"https:\\\/\\\/formaftec.com\\\/ribeirole\\\/#website\"},\"primaryImageOfPage\":{\"@id\":\"https:\\\/\\\/formaftec.com\\\/ribeirole\\\/mes-projets-shoot-production\\\/projet-food-club\\\/#primaryimage\"},\"image\":{\"@id\":\"https:\\\/\\\/formaftec.com\\\/ribeirole\\\/mes-projets-shoot-production\\\/projet-food-club\\\/#primaryimage\"},\"thumbnailUrl\":\"https:\\\/\\\/formaftec.com\\\/ribeirole\\\/wp-content\\\/uploads\\\/sites\\\/44\\\/2025\\\/01\\\/FOOD-CLUB-LA-CARTE-TV.pdf\",\"datePublished\":\"2025-01-14T21:19:51+00:00\",\"dateModified\":\"2025-01-28T14:13:18+00:00\",\"breadcrumb\":{\"@id\":\"https:\\\/\\\/formaftec.com\\\/ribeirole\\\/mes-projets-shoot-production\\\/projet-food-club\\\/#breadcrumb\"},\"inLanguage\":\"fr-FR\",\"potentialAction\":[{\"@type\":\"ReadAction\",\"target\":[\"https:\\\/\\\/formaftec.com\\\/ribeirole\\\/mes-projets-shoot-production\\\/projet-food-club\\\/\"]}]},{\"@type\":\"ImageObject\",\"inLanguage\":\"fr-FR\",\"@id\":\"https:\\\/\\\/formaftec.com\\\/ribeirole\\\/mes-projets-shoot-production\\\/projet-food-club\\\/#primaryimage\",\"url\":\"https:\\\/\\\/formaftec.com\\\/ribeirole\\\/wp-content\\\/uploads\\\/sites\\\/44\\\/2025\\\/01\\\/FOOD-CLUB-LA-CARTE-TV-pdf.jpg\",\"contentUrl\":\"https:\\\/\\\/formaftec.com\\\/ribeirole\\\/wp-content\\\/uploads\\\/sites\\\/44\\\/2025\\\/01\\\/FOOD-CLUB-LA-CARTE-TV-pdf.jpg\"},{\"@type\":\"BreadcrumbList\",\"@id\":\"https:\\\/\\\/formaftec.com\\\/ribeirole\\\/mes-projets-shoot-production\\\/projet-food-club\\\/#breadcrumb\",\"itemListElement\":[{\"@type\":\"ListItem\",\"position\":1,\"name\":\"Accueil\",\"item\":\"https:\\\/\\\/formaftec.com\\\/ribeirole\\\/\"},{\"@type\":\"ListItem\",\"position\":2,\"name\":\"Mes projets Shoot Production !\",\"item\":\"https:\\\/\\\/formaftec.com\\\/ribeirole\\\/mes-projets-shoot-production\\\/\"},{\"@type\":\"ListItem\",\"position\":3,\"name\":\"Projet Food Club\"}]},{\"@type\":\"WebSite\",\"@id\":\"https:\\\/\\\/formaftec.com\\\/ribeirole\\\/#website\",\"url\":\"https:\\\/\\\/formaftec.com\\\/ribeirole\\\/\",\"name\":\"PORTFOLIO.\",\"description\":\"ENVIE D&#039;EN SAVOIR PLUS SUR MES PROJETS ? \",\"publisher\":{\"@id\":\"https:\\\/\\\/formaftec.com\\\/ribeirole\\\/#organization\"},\"potentialAction\":[{\"@type\":\"SearchAction\",\"target\":{\"@type\":\"EntryPoint\",\"urlTemplate\":\"https:\\\/\\\/formaftec.com\\\/ribeirole\\\/?s={search_term_string}\"},\"query-input\":{\"@type\":\"PropertyValueSpecification\",\"valueRequired\":true,\"valueName\":\"search_term_string\"}}],\"inLanguage\":\"fr-FR\"},{\"@type\":\"Organization\",\"@id\":\"https:\\\/\\\/formaftec.com\\\/ribeirole\\\/#organization\",\"name\":\"PORTFOLIO.\",\"url\":\"https:\\\/\\\/formaftec.com\\\/ribeirole\\\/\",\"logo\":{\"@type\":\"ImageObject\",\"inLanguage\":\"fr-FR\",\"@id\":\"https:\\\/\\\/formaftec.com\\\/ribeirole\\\/#\\\/schema\\\/logo\\\/image\\\/\",\"url\":\"https:\\\/\\\/formaftec.com\\\/ribeirole\\\/wp-content\\\/uploads\\\/sites\\\/44\\\/2024\\\/10\\\/cropped-2-1.png\",\"contentUrl\":\"https:\\\/\\\/formaftec.com\\\/ribeirole\\\/wp-content\\\/uploads\\\/sites\\\/44\\\/2024\\\/10\\\/cropped-2-1.png\",\"width\":1563,\"height\":950,\"caption\":\"PORTFOLIO.\"},\"image\":{\"@id\":\"https:\\\/\\\/formaftec.com\\\/ribeirole\\\/#\\\/schema\\\/logo\\\/image\\\/\"}}]}<\/script>\n<!-- \/ Yoast SEO plugin. -->","yoast_head_json":{"title":"Projet Food Club - PORTFOLIO.","robots":{"index":"index","follow":"follow","max-snippet":"max-snippet:-1","max-image-preview":"max-image-preview:large","max-video-preview":"max-video-preview:-1"},"canonical":"https:\/\/formaftec.com\/ribeirole\/mes-projets-shoot-production\/projet-food-club\/","og_locale":"fr_FR","og_type":"article","og_title":"Projet Food Club - PORTFOLIO.","og_description":"Client : Food Club Date : Septembre 2024Le besoin : Concevoir une vid\u00e9o promotionnelle du restaurant + Cr\u00e9ation de flyers La vid\u00e9o LA CARTE TV ! CARTE FORMAT A4 (PRINT) \u00ab\u00a0Ce flyer est au format A4, parfait pour une impression de qualit\u00e9. Il offre assez d\u2019espace pour un design clair et attractif, tout en restant &hellip; Lire la suite de\u00ab\u00a0Projet Food Club\u00a0\u00bb","og_url":"https:\/\/formaftec.com\/ribeirole\/mes-projets-shoot-production\/projet-food-club\/","og_site_name":"PORTFOLIO.","article_modified_time":"2025-01-28T14:13:18+00:00","og_image":[{"url":"https:\/\/formaftec.com\/ribeirole\/wp-content\/uploads\/sites\/44\/2025\/01\/FOOD-CLUB-LA-CARTE-TV.pdf","type":"","width":"","height":""}],"twitter_card":"summary_large_image","twitter_misc":{"Dur\u00e9e de lecture estim\u00e9e":"1 minute"},"schema":{"@context":"https:\/\/schema.org","@graph":[{"@type":"WebPage","@id":"https:\/\/formaftec.com\/ribeirole\/mes-projets-shoot-production\/projet-food-club\/","url":"https:\/\/formaftec.com\/ribeirole\/mes-projets-shoot-production\/projet-food-club\/","name":"Projet Food Club - PORTFOLIO.","isPartOf":{"@id":"https:\/\/formaftec.com\/ribeirole\/#website"},"primaryImageOfPage":{"@id":"https:\/\/formaftec.com\/ribeirole\/mes-projets-shoot-production\/projet-food-club\/#primaryimage"},"image":{"@id":"https:\/\/formaftec.com\/ribeirole\/mes-projets-shoot-production\/projet-food-club\/#primaryimage"},"thumbnailUrl":"https:\/\/formaftec.com\/ribeirole\/wp-content\/uploads\/sites\/44\/2025\/01\/FOOD-CLUB-LA-CARTE-TV.pdf","datePublished":"2025-01-14T21:19:51+00:00","dateModified":"2025-01-28T14:13:18+00:00","breadcrumb":{"@id":"https:\/\/formaftec.com\/ribeirole\/mes-projets-shoot-production\/projet-food-club\/#breadcrumb"},"inLanguage":"fr-FR","potentialAction":[{"@type":"ReadAction","target":["https:\/\/formaftec.com\/ribeirole\/mes-projets-shoot-production\/projet-food-club\/"]}]},{"@type":"ImageObject","inLanguage":"fr-FR","@id":"https:\/\/formaftec.com\/ribeirole\/mes-projets-shoot-production\/projet-food-club\/#primaryimage","url":"https:\/\/formaftec.com\/ribeirole\/wp-content\/uploads\/sites\/44\/2025\/01\/FOOD-CLUB-LA-CARTE-TV-pdf.jpg","contentUrl":"https:\/\/formaftec.com\/ribeirole\/wp-content\/uploads\/sites\/44\/2025\/01\/FOOD-CLUB-LA-CARTE-TV-pdf.jpg"},{"@type":"BreadcrumbList","@id":"https:\/\/formaftec.com\/ribeirole\/mes-projets-shoot-production\/projet-food-club\/#breadcrumb","itemListElement":[{"@type":"ListItem","position":1,"name":"Accueil","item":"https:\/\/formaftec.com\/ribeirole\/"},{"@type":"ListItem","position":2,"name":"Mes projets Shoot Production !","item":"https:\/\/formaftec.com\/ribeirole\/mes-projets-shoot-production\/"},{"@type":"ListItem","position":3,"name":"Projet Food Club"}]},{"@type":"WebSite","@id":"https:\/\/formaftec.com\/ribeirole\/#website","url":"https:\/\/formaftec.com\/ribeirole\/","name":"PORTFOLIO.","description":"ENVIE D&#039;EN SAVOIR PLUS SUR MES PROJETS ? ","publisher":{"@id":"https:\/\/formaftec.com\/ribeirole\/#organization"},"potentialAction":[{"@type":"SearchAction","target":{"@type":"EntryPoint","urlTemplate":"https:\/\/formaftec.com\/ribeirole\/?s={search_term_string}"},"query-input":{"@type":"PropertyValueSpecification","valueRequired":true,"valueName":"search_term_string"}}],"inLanguage":"fr-FR"},{"@type":"Organization","@id":"https:\/\/formaftec.com\/ribeirole\/#organization","name":"PORTFOLIO.","url":"https:\/\/formaftec.com\/ribeirole\/","logo":{"@type":"ImageObject","inLanguage":"fr-FR","@id":"https:\/\/formaftec.com\/ribeirole\/#\/schema\/logo\/image\/","url":"https:\/\/formaftec.com\/ribeirole\/wp-content\/uploads\/sites\/44\/2024\/10\/cropped-2-1.png","contentUrl":"https:\/\/formaftec.com\/ribeirole\/wp-content\/uploads\/sites\/44\/2024\/10\/cropped-2-1.png","width":1563,"height":950,"caption":"PORTFOLIO."},"image":{"@id":"https:\/\/formaftec.com\/ribeirole\/#\/schema\/logo\/image\/"}}]}},"uagb_featured_image_src":{"full":false,"thumbnail":false,"medium":false,"medium_large":false,"large":false,"1536x1536":false,"2048x2048":false,"inspiro-featured-image":false,"inspiro-loop":false,"inspiro-loop@2x":false,"tlp-portfolio-thumb":false},"uagb_author_info":{"display_name":"ribeirole","author_link":"https:\/\/formaftec.com\/ribeirole\/author\/ribeirole\/"},"uagb_comment_info":0,"uagb_excerpt":"Client : Food Club Date : Septembre 2024Le besoin : Concevoir une vid\u00e9o promotionnelle du restaurant + Cr\u00e9ation de flyers La vid\u00e9o LA CARTE TV ! CARTE FORMAT A4 (PRINT) \u00ab\u00a0Ce flyer est au format A4, parfait pour une impression de qualit\u00e9. Il offre assez d\u2019espace pour un design clair et attractif, tout en restant\u2026","_links":{"self":[{"href":"https:\/\/formaftec.com\/ribeirole\/wp-json\/wp\/v2\/pages\/467","targetHints":{"allow":["GET"]}}],"collection":[{"href":"https:\/\/formaftec.com\/ribeirole\/wp-json\/wp\/v2\/pages"}],"about":[{"href":"https:\/\/formaftec.com\/ribeirole\/wp-json\/wp\/v2\/types\/page"}],"author":[{"embeddable":true,"href":"https:\/\/formaftec.com\/ribeirole\/wp-json\/wp\/v2\/users\/45"}],"replies":[{"embeddable":true,"href":"https:\/\/formaftec.com\/ribeirole\/wp-json\/wp\/v2\/comments?post=467"}],"version-history":[{"count":28,"href":"https:\/\/formaftec.com\/ribeirole\/wp-json\/wp\/v2\/pages\/467\/revisions"}],"predecessor-version":[{"id":535,"href":"https:\/\/formaftec.com\/ribeirole\/wp-json\/wp\/v2\/pages\/467\/revisions\/535"}],"up":[{"embeddable":true,"href":"https:\/\/formaftec.com\/ribeirole\/wp-json\/wp\/v2\/pages\/194"}],"wp:attachment":[{"href":"https:\/\/formaftec.com\/ribeirole\/wp-json\/wp\/v2\/media?parent=467"}],"curies":[{"name":"wp","href":"https:\/\/api.w.org\/{rel}","templated":true}]}}